{"id":650,"date":"2024-02-02T09:28:54","date_gmt":"2024-02-02T09:28:54","guid":{"rendered":"http:\/\/decoline360.com\/?page_id=650"},"modified":"2024-02-02T09:29:40","modified_gmt":"2024-02-02T09:29:40","slug":"politica-de-proteccion-de-datos","status":"publish","type":"page","link":"https:\/\/www.decoline360.com\/ca\/politica-de-proteccion-de-datos\/","title":{"rendered":"Pol\u00edtica de protecci\u00f3 de dades"},"content":{"rendered":"<div data-elementor-type=\"wp-page\" data-elementor-id=\"650\" class=\"elementor elementor-650\" data-elementor-post-type=\"page\">\n\t\t\t\t<div class=\"elementor-element elementor-element-9b7dc69 e-flex e-con-boxed e-con e-parent\" data-id=\"9b7dc69\" data-element_type=\"container\" data-settings=\"{&quot;background_background&quot;:&quot;classic&quot;}\">\n\t\t\t\t\t<div class=\"e-con-inner\">\n\t\t<div class=\"elementor-element elementor-element-997aafb e-flex e-con-boxed e-con e-child\" data-id=\"997aafb\" data-element_type=\"container\">\n\t\t\t\t\t<div class=\"e-con-inner\">\n\t\t\t\t\t<\/div>\n\t\t\t\t<\/div>\n\t\t\t\t\t<\/div>\n\t\t\t\t<\/div>\n\t\t<div class=\"elementor-element elementor-element-175d126 e-flex e-con-boxed e-con e-parent\" data-id=\"175d126\" data-element_type=\"container\">\n\t\t\t\t\t<div class=\"e-con-inner\">\n\t\t\t\t<div class=\"elementor-element elementor-element-83e5ccb elementor-widget elementor-widget-text-editor\" data-id=\"83e5ccb\" data-element_type=\"widget\" data-widget_type=\"text-editor.default\">\n\t\t\t\t<div class=\"elementor-widget-container\">\n\t\t\t\t\t\t\t\t\t<p>EL TITULAR es compromet a protegir la privadesa dels usuaris que accedeixin a aquesta web i\/o qualsevol dels seus serveis. La utilitzaci\u00f3 de la web i\/o de qualsevol dels serveis oferts per EL TITULAR implica l&#039;acceptaci\u00f3 per l&#039;usuari de les disposicions contingudes en aquesta Pol\u00edtica de Privadesa i que les seves dades personals siguin tractades segons s&#039;hi estipula. Si us plau, tingueu en compte que tot i que hi pugui haver enlla\u00e7os de la nostra web a altres webs o xarxes socials, aquesta Pol\u00edtica de Privadesa no s&#039;aplica a les webs d&#039;altres companyies o organitzacions a les quals la web estigui redirigida. EL TITULAR no controla el contingut de les webs de tercers, ni accepta qualsevol responsabilitat pel contingut o les pol\u00edtiques de privadesa d&#039;aquestes webs.<\/p><p>\u00a0<\/p><p class=\"text-bold\"><strong>Informaci\u00f3 b\u00e0sica sobre el tractament de dades (Reglament (UE) 2016\/679 i LO 3\/2018)<\/strong><\/p><table><tbody><tr><td>Responsable del tractament<\/td><td>EL TITULAR.<br \/>Les nostres dades figuren al\u00a0<a href=\"https:\/\/www.giroverd.com\/aviso-legal\/\" target=\"blank\" rel=\"noopener\">av\u00eds legal<\/a>\u00a0d\u00b4aquesta web.<\/td><\/tr><tr><td>Finalitat del tractament<\/td><td>Oferir i gestionar els nostres productes i\/o serveis.<\/td><\/tr><tr><td>Legitimaci\u00f3<\/td><td>Consentiment obtingut de linteressat. Execuci\u00f3 del contracte de serveis.<\/td><\/tr><tr><td>Destinataris<\/td><td>Les dades no seran comunicades a tercers, llevat que ho exigeixi una llei o sigui necessari per complir amb la finalitat del tractament.<\/td><\/tr><tr><td>Drets de les persones<\/td><td>Els interessats tenen dret a exercir els drets dacc\u00e9s, rectificaci\u00f3, limitaci\u00f3 de tractament, supressi\u00f3, portabilitat i oposici\u00f3, enviant la seva sol\u00b7licitud a la nostra adre\u00e7a.<\/td><\/tr><tr><td>Termini de conservaci\u00f3 de les dades<\/td><td>Mentre es mantingui la relaci\u00f3 comercial o durant els anys necessaris per complir les obligacions legals.<\/td><\/tr><tr><td>Reclamaci\u00f3<\/td><td>Els interessats poden adre\u00e7ar-se a lAEPD per presentar la reclamaci\u00f3 que consideri oportuna.<\/td><\/tr><tr><td>Informaci\u00f3 addicional<\/td><td>Podeu consultar la informaci\u00f3 addicional i detallada a continuaci\u00f3 a les \u201cPreguntes sobre privadesa\u201d.<\/td><\/tr><\/tbody><\/table><p>\u00a0<\/p><p class=\"titol text-bold text-uppercase\"><strong>Preguntes sobre privadesa<\/strong><\/p><p>En compliment del Reglament (UE) 2016\/679 del Parlament Europeu i del Consell, del 27 d&#039;abril del 2016, (RGPD), i la Llei Org\u00e0nica 3\/2018, del 5 de desembre, de Protecci\u00f3 de Dades Personals i garantia dels drets digitals (LOPDGDD us oferim la seg\u00fcent informaci\u00f3 sobre el tractament de les vostres dades personals:<\/p><p>\u00a0<\/p><p class=\"text-bold\"><strong>Qui \u00e9s el responsable del tractament de les vostres dades?<\/strong><\/p><p>EL TITULAR.<br \/>Les nostres dades figuren a l&#039;av\u00eds legal d&#039;aquesta web.<\/p><p class=\"text-bold\">Amb quina finalitat tractem les vostres dades personals?<\/p><div class=\"cont\"><ul><li>Tractem la informaci\u00f3 que se&#039;ns facilita per prestar i facturar els nostres serveis i productes.<\/li><\/ul><\/div><div class=\"cont\"><ul><li>Si ens doneu el vostre consentiment tamb\u00e9 podrem tractar les vostres dades per enviar-vos informaci\u00f3 sobre les nostres activitats, serveis i productes.<\/li><\/ul><\/div><div class=\"cont\"><ul><li>Si participa en algun dels nostres sorteigs i\/o concursos publicarem el seu nom i cognoms, i la seva imatge, als diferents espais i mitjans de comunicaci\u00f3 i difusi\u00f3 que utilitzem, incloses les xarxes socials, per tal de promocionar les nostres activitats, serveis i productes .<\/li><\/ul><p>\u00a0<\/p><\/div><p class=\"text-bold\"><strong>Quant de temps conservarem les vostres dades?<\/strong><\/p><p>Les dades personals proporcionades es conservaran mentre sigui usuari dels nostres serveis o vulgui rebre informaci\u00f3, i si participa en una promoci\u00f3 mentre estigui activa, i despr\u00e9s, durant els terminis establerts per complir les nostres obligacions legals.<\/p><p>\u00a0<\/p><p class=\"text-bold\"><strong>Quina \u00e9s la legitimaci\u00f3 per al tractament de les vostres dades?<\/strong><\/p><p>La base legal per als tractaments de les vostres dades s\u00f3n els consentiments que ens d\u00f3na.<\/p><p>Pel que fa a la informaci\u00f3 que ens sigui enviada per menors de 16 anys, s&#039;entendr\u00e0 que ho ha estat amb el consentiment dels representants legals. Si no \u00e9s aix\u00ed, el representant legal del menor ens ho ha de comunicar tan aviat com en tingui coneixement.<\/p><p>\u00a0<\/p><p class=\"text-bold\"><strong>A quins destinataris es comunicaran les vostres dades?<\/strong><\/p><p>Les dades no seran comunicades a tercers, llevat que ho exigeixi una llei o sigui necessari per complir amb la finalitat del tractament.<\/p><p>\u00a0<\/p><p class=\"text-bold\"><strong>Quins s\u00f3n els vostres drets quan ens facilita les vostres dades?<\/strong><\/p><div class=\"cont\"><ul><li>Qualsevol persona t\u00e9 dret a obtenir confirmaci\u00f3 sobre si estem tractant o no les vostres dades personals.<\/li><\/ul><\/div><div class=\"cont\"><ul><li>Els interessats tenen dret a accedir a les seves dades personals, aix\u00ed com a sol\u00b7licitar la rectificaci\u00f3 de les dades inexactes o, si escau, sol\u00b7licitar la seva supressi\u00f3 quan, entre altres motius, les dades ja no siguin necess\u00e0ries per a les finalitats per a les quals es van recollir .<\/li><\/ul><\/div><div class=\"cont\"><ul><li>En determinades circumst\u00e0ncies els interessats podran sol\u00b7licitar la limitaci\u00f3 del tractament de les vostres dades, en aquest cas \u00fanicament les conservarem per a l&#039;exercici o la defensa de reclamacions.<\/li><\/ul><\/div><div class=\"cont\"><ul><li>Tamb\u00e9, en determinades circumst\u00e0ncies i per motius relacionats amb la seva situaci\u00f3 particular, els interessats poden oposar-se al tractament de les dades.<\/li><\/ul><\/div><div class=\"cont\"><ul><li>Els interessats tamb\u00e9 tenen dret a la portabilitat de les vostres dades.<\/li><\/ul><\/div><div class=\"cont\"><ul><li>Finalment, els interessats tenen dret a presentar una reclamaci\u00f3 davant de l&#039;Autoritat de Control competent.<\/li><\/ul><p>\u00a0<\/p><\/div><p class=\"text-bold\"><strong>Com podeu exercir els vostres drets?<\/strong><\/p><p>Enviant un escrit adjuntant una c\u00f2pia d&#039;un document que ho identifiqui, a la nostra adre\u00e7a f\u00edsica o electr\u00f2nica.<\/p><p>\u00a0<\/p><p class=\"text-bold\"><strong>Com hem obtingut les vostres dades?<\/strong><\/p><p>Les dades personals que tractem procedeixen del mateix interessat. L&#039;interessat garanteix que les dades personals facilitades s\u00f3n certes i es fa responsable de comunicar-ne qualsevol modificaci\u00f3. Les dades que estiguin marcades amb un asterisc seran obligat\u00f2ries per poder donar-li el servei sol\u00b7licitat.<\/p><p>\u00a0<\/p><p class=\"text-bold\"><strong>Quines dades tractem?<\/strong><\/p><p>Les categories de dades que podem tractar en la prestaci\u00f3 dels nostres serveis s\u00f3n:<\/p><div class=\"cont\"><ul><li>Dades de car\u00e0cter identificatiu<\/li><\/ul><\/div><div class=\"cont\"><ul><li>Adreces postals o electr\u00f2niques<\/li><\/ul><\/div><div class=\"cont\"><ul><li>Altres dades sol\u00b7licitades als nostres formularis<\/li><\/ul><\/div><p>Les dades s\u00f3n limitades, at\u00e8s que \u00fanicament tractem les dades necess\u00e0ries per a la prestaci\u00f3 dels nostres serveis i la gesti\u00f3 de la nostra activitat.<\/p><p>\u00a0<\/p><p class=\"text-bold\"><strong>Fem servir galetes?<\/strong><\/p><p>Utilitzem cookies durant la navegaci\u00f3 a la nostra web amb el consentiment informat de l&#039;usuari. L&#039;usuari pot configurar el navegador per ser avisat de la utilitzaci\u00f3 de cookies i per evitar-ne l&#039;\u00fas. Per obtenir m\u00e9s informaci\u00f3 visiteu la nostra pol\u00edtica de cookies.<\/p><p>\u00a0<\/p><p class=\"text-bold\"><strong>Quines mesures de seguretat apliquem?<\/strong><\/p><p>Apliquem les mesures de seguretat establertes a l&#039;article 32 del RGPD, per tant, hem adoptat les mesures de seguretat necess\u00e0ries per garantir un nivell de seguretat adequat al risc del tractament de dades que realitzem, amb mecanismes que ens permeten garantir la confidencialitat, integritat, disponibilitat i resili\u00e8ncia permanent dels sistemes i serveis de tractament.<\/p><p>Algunes daquestes mesures s\u00f3n:<\/p><div class=\"cont\"><ul><li>Informaci\u00f3 de les pol\u00edtiques de tractament de dades al personal.<\/li><\/ul><\/div><div class=\"cont\"><ul><li>Realitzaci\u00f3 de c\u00f2pies de seguretat peri\u00f2diques.<\/li><\/ul><\/div><div class=\"cont\"><ul><li>Control dacc\u00e9s a les dades.<\/li><\/ul><\/div><div class=\"cont\"><ul><li>Processos de verificaci\u00f3, avaluaci\u00f3 i valoraci\u00f3 regulars.<\/li><\/ul><\/div>\t\t\t\t\t\t\t\t<\/div>\n\t\t\t\t<\/div>\n\t\t\t\t\t<\/div>\n\t\t\t\t<\/div>\n\t\t\t\t<\/div>","protected":false},"excerpt":{"rendered":"<p>EL TITULAR se compromete a proteger la privacidad de los usuarios que accedan a esta web y\/o cualquiera de sus servicios. La utilizaci\u00f3n de la web y\/o de cualquiera de los servicios ofrecidos por EL TITULAR implica la aceptaci\u00f3n por el usuario de las disposiciones contenidas en la presente Pol\u00edtica de Privacidad y que sus&hellip;&nbsp;<a href=\"https:\/\/www.decoline360.com\/ca\/politica-de-proteccion-de-datos\/\" rel=\"bookmark\"><span class=\"screen-reader-text\">Pol\u00edtica de protecci\u00f3 de dades<\/span><\/a><\/p>","protected":false},"author":1,"featured_media":0,"parent":0,"menu_order":0,"comment_status":"closed","ping_status":"closed","template":"page-templates\/template-pagebuilder-full-width.php","meta":{"neve_meta_sidebar":"","neve_meta_container":"","neve_meta_enable_content_width":"off","neve_meta_content_width":100,"neve_meta_title_alignment":"","neve_meta_author_avatar":"","neve_post_elements_order":"","neve_meta_disable_header":"","neve_meta_disable_footer":"","neve_meta_disable_title":"","_joinchat":[],"footnotes":""},"class_list":["post-650","page","type-page","status-publish","hentry"],"yoast_head":"<!-- This site is optimized with the Yoast SEO plugin v25.3.1 - https:\/\/yoast.com\/wordpress\/plugins\/seo\/ -->\n<title>Pol\u00edtica de protecci\u00f3n de datos - LINE360 | Dise\u00f1o de la construcci\u00f3n<\/title>\n<meta name=\"robots\" content=\"index, follow, max-snippet:-1, max-image-preview:large, max-video-preview:-1\" \/>\n<link rel=\"canonical\" href=\"https:\/\/www.decoline360.com\/ca\/politica-de-proteccion-de-datos\/\" \/>\n<meta property=\"og:locale\" content=\"ca_ES\" \/>\n<meta property=\"og:type\" content=\"article\" \/>\n<meta property=\"og:title\" content=\"Pol\u00edtica de protecci\u00f3n de datos - LINE360 | Dise\u00f1o de la construcci\u00f3n\" \/>\n<meta property=\"og:description\" content=\"EL TITULAR se compromete a proteger la privacidad de los usuarios que accedan a esta web y\/o cualquiera de sus servicios. La utilizaci\u00f3n de la web y\/o de cualquiera de los servicios ofrecidos por EL TITULAR implica la aceptaci\u00f3n por el usuario de las disposiciones contenidas en la presente Pol\u00edtica de Privacidad y que sus&hellip;&nbsp;Pol\u00edtica de protecci\u00f3n de datos\" \/>\n<meta property=\"og:url\" content=\"https:\/\/www.decoline360.com\/ca\/politica-de-proteccion-de-datos\/\" \/>\n<meta property=\"og:site_name\" content=\"LINE360 | Dise\u00f1o de la construcci\u00f3n\" \/>\n<meta property=\"article:modified_time\" content=\"2024-02-02T09:29:40+00:00\" \/>\n<meta name=\"twitter:card\" content=\"summary_large_image\" \/>\n<meta name=\"twitter:label1\" content=\"Temps estimat de lectura\" \/>\n\t<meta name=\"twitter:data1\" content=\"5 minuts\" \/>\n<script type=\"application\/ld+json\" class=\"yoast-schema-graph\">{\"@context\":\"https:\/\/schema.org\",\"@graph\":[{\"@type\":\"WebPage\",\"@id\":\"https:\/\/www.decoline360.com\/ca\/politica-de-proteccion-de-datos\/\",\"url\":\"https:\/\/www.decoline360.com\/ca\/politica-de-proteccion-de-datos\/\",\"name\":\"Pol\u00edtica de protecci\u00f3n de datos - LINE360 | Dise\u00f1o de la construcci\u00f3n\",\"isPartOf\":{\"@id\":\"https:\/\/www.decoline360.com\/#website\"},\"datePublished\":\"2024-02-02T09:28:54+00:00\",\"dateModified\":\"2024-02-02T09:29:40+00:00\",\"breadcrumb\":{\"@id\":\"https:\/\/www.decoline360.com\/ca\/politica-de-proteccion-de-datos\/#breadcrumb\"},\"inLanguage\":\"ca\",\"potentialAction\":[{\"@type\":\"ReadAction\",\"target\":[\"https:\/\/www.decoline360.com\/ca\/politica-de-proteccion-de-datos\/\"]}]},{\"@type\":\"BreadcrumbList\",\"@id\":\"https:\/\/www.decoline360.com\/ca\/politica-de-proteccion-de-datos\/#breadcrumb\",\"itemListElement\":[{\"@type\":\"ListItem\",\"position\":1,\"name\":\"Portada\",\"item\":\"https:\/\/www.decoline360.com\/\"},{\"@type\":\"ListItem\",\"position\":2,\"name\":\"Pol\u00edtica de protecci\u00f3n de datos\"}]},{\"@type\":\"WebSite\",\"@id\":\"https:\/\/www.decoline360.com\/#website\",\"url\":\"https:\/\/www.decoline360.com\/\",\"name\":\"LINE360 | Dise\u00f1o de la construcci\u00f3n\",\"description\":\"En Dise\u00f1oline 360, hacemos realidad tus proyectos de construcci\u00f3n mediante soluciones innovadoras.\",\"potentialAction\":[{\"@type\":\"SearchAction\",\"target\":{\"@type\":\"EntryPoint\",\"urlTemplate\":\"https:\/\/www.decoline360.com\/?s={search_term_string}\"},\"query-input\":{\"@type\":\"PropertyValueSpecification\",\"valueRequired\":true,\"valueName\":\"search_term_string\"}}],\"inLanguage\":\"ca\"}]}<\/script>\n<!-- \/ Yoast SEO plugin. -->","yoast_head_json":{"title":"Pol\u00edtica de protecci\u00f3n de datos - LINE360 | Dise\u00f1o de la construcci\u00f3n","robots":{"index":"index","follow":"follow","max-snippet":"max-snippet:-1","max-image-preview":"max-image-preview:large","max-video-preview":"max-video-preview:-1"},"canonical":"https:\/\/www.decoline360.com\/ca\/politica-de-proteccion-de-datos\/","og_locale":"ca_ES","og_type":"article","og_title":"Pol\u00edtica de protecci\u00f3n de datos - LINE360 | Dise\u00f1o de la construcci\u00f3n","og_description":"EL TITULAR se compromete a proteger la privacidad de los usuarios que accedan a esta web y\/o cualquiera de sus servicios. La utilizaci\u00f3n de la web y\/o de cualquiera de los servicios ofrecidos por EL TITULAR implica la aceptaci\u00f3n por el usuario de las disposiciones contenidas en la presente Pol\u00edtica de Privacidad y que sus&hellip;&nbsp;Pol\u00edtica de protecci\u00f3n de datos","og_url":"https:\/\/www.decoline360.com\/ca\/politica-de-proteccion-de-datos\/","og_site_name":"LINE360 | Dise\u00f1o de la construcci\u00f3n","article_modified_time":"2024-02-02T09:29:40+00:00","twitter_card":"summary_large_image","twitter_misc":{"Temps estimat de lectura":"5 minuts"},"schema":{"@context":"https:\/\/schema.org","@graph":[{"@type":"WebPage","@id":"https:\/\/www.decoline360.com\/ca\/politica-de-proteccion-de-datos\/","url":"https:\/\/www.decoline360.com\/ca\/politica-de-proteccion-de-datos\/","name":"Pol\u00edtica de protecci\u00f3n de datos - LINE360 | Dise\u00f1o de la construcci\u00f3n","isPartOf":{"@id":"https:\/\/www.decoline360.com\/#website"},"datePublished":"2024-02-02T09:28:54+00:00","dateModified":"2024-02-02T09:29:40+00:00","breadcrumb":{"@id":"https:\/\/www.decoline360.com\/ca\/politica-de-proteccion-de-datos\/#breadcrumb"},"inLanguage":"ca","potentialAction":[{"@type":"ReadAction","target":["https:\/\/www.decoline360.com\/ca\/politica-de-proteccion-de-datos\/"]}]},{"@type":"BreadcrumbList","@id":"https:\/\/www.decoline360.com\/ca\/politica-de-proteccion-de-datos\/#breadcrumb","itemListElement":[{"@type":"ListItem","position":1,"name":"Portada","item":"https:\/\/www.decoline360.com\/"},{"@type":"ListItem","position":2,"name":"Pol\u00edtica de protecci\u00f3n de datos"}]},{"@type":"WebSite","@id":"https:\/\/www.decoline360.com\/#website","url":"https:\/\/www.decoline360.com\/","name":"LINE360 | Dise\u00f1o de la construcci\u00f3n","description":"En Dise\u00f1oline 360, hacemos realidad tus proyectos de construcci\u00f3n mediante soluciones innovadoras.","potentialAction":[{"@type":"SearchAction","target":{"@type":"EntryPoint","urlTemplate":"https:\/\/www.decoline360.com\/?s={search_term_string}"},"query-input":{"@type":"PropertyValueSpecification","valueRequired":true,"valueName":"search_term_string"}}],"inLanguage":"ca"}]}},"_links":{"self":[{"href":"https:\/\/www.decoline360.com\/ca\/wp-json\/wp\/v2\/pages\/650","targetHints":{"allow":["GET"]}}],"collection":[{"href":"https:\/\/www.decoline360.com\/ca\/wp-json\/wp\/v2\/pages"}],"about":[{"href":"https:\/\/www.decoline360.com\/ca\/wp-json\/wp\/v2\/types\/page"}],"author":[{"embeddable":true,"href":"https:\/\/www.decoline360.com\/ca\/wp-json\/wp\/v2\/users\/1"}],"replies":[{"embeddable":true,"href":"https:\/\/www.decoline360.com\/ca\/wp-json\/wp\/v2\/comments?post=650"}],"version-history":[{"count":4,"href":"https:\/\/www.decoline360.com\/ca\/wp-json\/wp\/v2\/pages\/650\/revisions"}],"predecessor-version":[{"id":654,"href":"https:\/\/www.decoline360.com\/ca\/wp-json\/wp\/v2\/pages\/650\/revisions\/654"}],"wp:attachment":[{"href":"https:\/\/www.decoline360.com\/ca\/wp-json\/wp\/v2\/media?parent=650"}],"curies":[{"name":"wp","href":"https:\/\/api.w.org\/{rel}","templated":true}]}}