{"id":637,"date":"2024-02-01T23:27:38","date_gmt":"2024-02-01T23:27:38","guid":{"rendered":"http:\/\/decoline360.com\/?page_id=637"},"modified":"2024-11-06T11:00:40","modified_gmt":"2024-11-06T10:00:40","slug":"aviso-legal","status":"publish","type":"page","link":"https:\/\/www.decoline360.com\/ca\/aviso-legal\/","title":{"rendered":"Av\u00eds legal"},"content":{"rendered":"<div data-elementor-type=\"wp-page\" data-elementor-id=\"637\" class=\"elementor elementor-637\" data-elementor-post-type=\"page\">\n\t\t\t\t<div class=\"elementor-element elementor-element-9b7dc69 e-flex e-con-boxed e-con e-parent\" data-id=\"9b7dc69\" data-element_type=\"container\" data-settings=\"{&quot;background_background&quot;:&quot;classic&quot;}\">\n\t\t\t\t\t<div class=\"e-con-inner\">\n\t\t<div class=\"elementor-element elementor-element-997aafb e-flex e-con-boxed e-con e-child\" data-id=\"997aafb\" data-element_type=\"container\">\n\t\t\t\t\t<div class=\"e-con-inner\">\n\t\t\t\t\t<\/div>\n\t\t\t\t<\/div>\n\t\t\t\t\t<\/div>\n\t\t\t\t<\/div>\n\t\t<div class=\"elementor-element elementor-element-175d126 e-flex e-con-boxed e-con e-parent\" data-id=\"175d126\" data-element_type=\"container\">\n\t\t\t\t\t<div class=\"e-con-inner\">\n\t\t\t\t<div class=\"elementor-element elementor-element-83e5ccb elementor-widget elementor-widget-text-editor\" data-id=\"83e5ccb\" data-element_type=\"widget\" data-widget_type=\"text-editor.default\">\n\t\t\t\t<div class=\"elementor-widget-container\">\n\t\t\t\t\t\t\t\t\tDe conformidad con la Ley 34\/2002, de Servicios de la Sociedad de la Informaci\u00f3n y de Comercio Electr\u00f3nico, le informamos que esta web es titularidad de Dise\u00f1o De La Construcci\u00f3n Line360 S.l., (en adelante \u201cEL TITULAR\u201d), con CIF: B56199334, con domicilio en Carrer de Galvany, 23, local 1 08901 L\u2019Hospitalet de Llobregat, Barcelona; tel\u00e9fono 695 865 048.\n<p class=\"titol text-bold text-uppercase\"><strong>PROPIETAT INTEL\u00b7LECTUAL I INDUSTRIAL<\/strong><\/p>\nEls continguts d&#039;aquest lloc, incloent-hi els textos, imatges i dissenys gr\u00e0fics, pertanyen a EL TITULAR, oa tercers que n&#039;han autoritzat l&#039;\u00fas. EL TITULAR presenta aquests continguts amb finalitats dinformaci\u00f3 i promoci\u00f3. EL TITULAR n&#039;autoritza la utilitzaci\u00f3 exclusivament amb aquestes finalitats. Qualsevol utilitzaci\u00f3 d&#039;aquests dissenys, imatges o textos haur\u00e0 de citar expressament la seva pertinen\u00e7a a EL TITULAR, que es reserva el dret a iniciar les accions legals oportunes per reparar els danys i els perjudicis causats per qualsevol acte que vulneri els seus drets de propietat intel\u00b7lectual o industrial.\n<p class=\"titol text-bold text-uppercase\"><strong>EXCLUSI\u00d3 DE RESPONSABILITAT<\/strong><\/p>\nEL TITULAR act\u00faa con la m\u00e1xima diligencia posible para que los datos y la informaci\u00f3n que ofrece en su sitio web est\u00e9 actualizada en tomo momento, si bien no garantiza ni se hace responsable de la exactitud y actualizaci\u00f3n de los contenidos del sitio web, reserv\u00e1ndose el derecho a modificar dichos contenidos en cualquier momento. EL TITULAR tampoco ser\u00e1 responsable de la informaci\u00f3n que se pueda obtener a trav\u00e9s de enlaces incluidos en el sitio web.\n\nLas relaciones comerciales con los clientes se regir\u00e1n por las Condiciones Generales que, en su caso, se establezcan por EL TITULAR en un documento espec\u00edfico a tal efecto, o por los pactos concretos que pudieran acordarse con los clientes.\n<p class=\"titol text-bold text-uppercase\"><strong>CONDICIONS D&#039;\u00daS<\/strong><\/p>\nL\u00b4\u00fas d\u00b4aquest lloc web implica l\u00b4acceptaci\u00f3 plena dels termes del present av\u00eds legal. Els possibles conflictes relatius a aquest lloc web es regiran exclusivament pel dret de l&#039;Estat Espanyol. Tota persona usu\u00e0ria de la web, independentment de la jurisdicci\u00f3 territorial des de la qual es produeixi l&#039;acc\u00e9s, accepta el compliment i respecte d&#039;aquestes cl\u00e0usules amb ren\u00fancia expressa a qualsevol altre fur que li pugui correspondre.\t\t\t\t\t\t\t\t<\/div>\n\t\t\t\t<\/div>\n\t\t\t\t\t<\/div>\n\t\t\t\t<\/div>\n\t\t\t\t<\/div>","protected":false},"excerpt":{"rendered":"<p>De conformidad con la Ley 34\/2002, de Servicios de la Sociedad de la Informaci\u00f3n y de Comercio Electr\u00f3nico, le informamos que esta web es titularidad de Dise\u00f1o De La Construcci\u00f3n Line360 S.l., (en adelante \u201cEL TITULAR\u201d), con CIF: B56199334, con domicilio en Carrer de Galvany, 23, local 1 08901 L\u2019Hospitalet de Llobregat, Barcelona; tel\u00e9fono 695&hellip;&nbsp;<a href=\"https:\/\/www.decoline360.com\/ca\/aviso-legal\/\" rel=\"bookmark\"><span class=\"screen-reader-text\">Av\u00eds legal<\/span><\/a><\/p>","protected":false},"author":1,"featured_media":0,"parent":0,"menu_order":0,"comment_status":"closed","ping_status":"closed","template":"page-templates\/template-pagebuilder-full-width.php","meta":{"neve_meta_sidebar":"","neve_meta_container":"","neve_meta_enable_content_width":"off","neve_meta_content_width":100,"neve_meta_title_alignment":"","neve_meta_author_avatar":"","neve_post_elements_order":"","neve_meta_disable_header":"","neve_meta_disable_footer":"","neve_meta_disable_title":"","_joinchat":[],"footnotes":""},"class_list":["post-637","page","type-page","status-publish","hentry"],"yoast_head":"<!-- This site is optimized with the Yoast SEO plugin v25.3.1 - https:\/\/yoast.com\/wordpress\/plugins\/seo\/ -->\n<title>Aviso legal - LINE360 | Dise\u00f1o de la construcci\u00f3n<\/title>\n<meta name=\"robots\" content=\"index, follow, max-snippet:-1, max-image-preview:large, max-video-preview:-1\" \/>\n<link rel=\"canonical\" href=\"https:\/\/www.decoline360.com\/ca\/aviso-legal\/\" \/>\n<meta property=\"og:locale\" content=\"ca_ES\" \/>\n<meta property=\"og:type\" content=\"article\" \/>\n<meta property=\"og:title\" content=\"Aviso legal - LINE360 | Dise\u00f1o de la construcci\u00f3n\" \/>\n<meta property=\"og:description\" content=\"De conformidad con la Ley 34\/2002, de Servicios de la Sociedad de la Informaci\u00f3n y de Comercio Electr\u00f3nico, le informamos que esta web es titularidad de Dise\u00f1o De La Construcci\u00f3n Line360 S.l., (en adelante \u201cEL TITULAR\u201d), con CIF: B56199334, con domicilio en Carrer de Galvany, 23, local 1 08901 L\u2019Hospitalet de Llobregat, Barcelona; tel\u00e9fono 695&hellip;&nbsp;Aviso legal\" \/>\n<meta property=\"og:url\" content=\"https:\/\/www.decoline360.com\/ca\/aviso-legal\/\" \/>\n<meta property=\"og:site_name\" content=\"LINE360 | Dise\u00f1o de la construcci\u00f3n\" \/>\n<meta property=\"article:modified_time\" content=\"2024-11-06T10:00:40+00:00\" \/>\n<meta name=\"twitter:card\" content=\"summary_large_image\" \/>\n<meta name=\"twitter:label1\" content=\"Temps estimat de lectura\" \/>\n\t<meta name=\"twitter:data1\" content=\"2 minuts\" \/>\n<script type=\"application\/ld+json\" class=\"yoast-schema-graph\">{\"@context\":\"https:\/\/schema.org\",\"@graph\":[{\"@type\":\"WebPage\",\"@id\":\"https:\/\/www.decoline360.com\/ca\/aviso-legal\/\",\"url\":\"https:\/\/www.decoline360.com\/ca\/aviso-legal\/\",\"name\":\"Aviso legal - LINE360 | Dise\u00f1o de la construcci\u00f3n\",\"isPartOf\":{\"@id\":\"https:\/\/www.decoline360.com\/#website\"},\"datePublished\":\"2024-02-01T23:27:38+00:00\",\"dateModified\":\"2024-11-06T10:00:40+00:00\",\"breadcrumb\":{\"@id\":\"https:\/\/www.decoline360.com\/ca\/aviso-legal\/#breadcrumb\"},\"inLanguage\":\"ca\",\"potentialAction\":[{\"@type\":\"ReadAction\",\"target\":[\"https:\/\/www.decoline360.com\/ca\/aviso-legal\/\"]}]},{\"@type\":\"BreadcrumbList\",\"@id\":\"https:\/\/www.decoline360.com\/ca\/aviso-legal\/#breadcrumb\",\"itemListElement\":[{\"@type\":\"ListItem\",\"position\":1,\"name\":\"Portada\",\"item\":\"https:\/\/www.decoline360.com\/\"},{\"@type\":\"ListItem\",\"position\":2,\"name\":\"Aviso legal\"}]},{\"@type\":\"WebSite\",\"@id\":\"https:\/\/www.decoline360.com\/#website\",\"url\":\"https:\/\/www.decoline360.com\/\",\"name\":\"LINE360 | Dise\u00f1o de la construcci\u00f3n\",\"description\":\"En Dise\u00f1oline 360, hacemos realidad tus proyectos de construcci\u00f3n mediante soluciones innovadoras.\",\"potentialAction\":[{\"@type\":\"SearchAction\",\"target\":{\"@type\":\"EntryPoint\",\"urlTemplate\":\"https:\/\/www.decoline360.com\/?s={search_term_string}\"},\"query-input\":{\"@type\":\"PropertyValueSpecification\",\"valueRequired\":true,\"valueName\":\"search_term_string\"}}],\"inLanguage\":\"ca\"}]}<\/script>\n<!-- \/ Yoast SEO plugin. -->","yoast_head_json":{"title":"Aviso legal - LINE360 | Dise\u00f1o de la construcci\u00f3n","robots":{"index":"index","follow":"follow","max-snippet":"max-snippet:-1","max-image-preview":"max-image-preview:large","max-video-preview":"max-video-preview:-1"},"canonical":"https:\/\/www.decoline360.com\/ca\/aviso-legal\/","og_locale":"ca_ES","og_type":"article","og_title":"Aviso legal - LINE360 | Dise\u00f1o de la construcci\u00f3n","og_description":"De conformidad con la Ley 34\/2002, de Servicios de la Sociedad de la Informaci\u00f3n y de Comercio Electr\u00f3nico, le informamos que esta web es titularidad de Dise\u00f1o De La Construcci\u00f3n Line360 S.l., (en adelante \u201cEL TITULAR\u201d), con CIF: B56199334, con domicilio en Carrer de Galvany, 23, local 1 08901 L\u2019Hospitalet de Llobregat, Barcelona; tel\u00e9fono 695&hellip;&nbsp;Aviso legal","og_url":"https:\/\/www.decoline360.com\/ca\/aviso-legal\/","og_site_name":"LINE360 | Dise\u00f1o de la construcci\u00f3n","article_modified_time":"2024-11-06T10:00:40+00:00","twitter_card":"summary_large_image","twitter_misc":{"Temps estimat de lectura":"2 minuts"},"schema":{"@context":"https:\/\/schema.org","@graph":[{"@type":"WebPage","@id":"https:\/\/www.decoline360.com\/ca\/aviso-legal\/","url":"https:\/\/www.decoline360.com\/ca\/aviso-legal\/","name":"Aviso legal - LINE360 | Dise\u00f1o de la construcci\u00f3n","isPartOf":{"@id":"https:\/\/www.decoline360.com\/#website"},"datePublished":"2024-02-01T23:27:38+00:00","dateModified":"2024-11-06T10:00:40+00:00","breadcrumb":{"@id":"https:\/\/www.decoline360.com\/ca\/aviso-legal\/#breadcrumb"},"inLanguage":"ca","potentialAction":[{"@type":"ReadAction","target":["https:\/\/www.decoline360.com\/ca\/aviso-legal\/"]}]},{"@type":"BreadcrumbList","@id":"https:\/\/www.decoline360.com\/ca\/aviso-legal\/#breadcrumb","itemListElement":[{"@type":"ListItem","position":1,"name":"Portada","item":"https:\/\/www.decoline360.com\/"},{"@type":"ListItem","position":2,"name":"Aviso legal"}]},{"@type":"WebSite","@id":"https:\/\/www.decoline360.com\/#website","url":"https:\/\/www.decoline360.com\/","name":"LINE360 | Dise\u00f1o de la construcci\u00f3n","description":"En Dise\u00f1oline 360, hacemos realidad tus proyectos de construcci\u00f3n mediante soluciones innovadoras.","potentialAction":[{"@type":"SearchAction","target":{"@type":"EntryPoint","urlTemplate":"https:\/\/www.decoline360.com\/?s={search_term_string}"},"query-input":{"@type":"PropertyValueSpecification","valueRequired":true,"valueName":"search_term_string"}}],"inLanguage":"ca"}]}},"_links":{"self":[{"href":"https:\/\/www.decoline360.com\/ca\/wp-json\/wp\/v2\/pages\/637","targetHints":{"allow":["GET"]}}],"collection":[{"href":"https:\/\/www.decoline360.com\/ca\/wp-json\/wp\/v2\/pages"}],"about":[{"href":"https:\/\/www.decoline360.com\/ca\/wp-json\/wp\/v2\/types\/page"}],"author":[{"embeddable":true,"href":"https:\/\/www.decoline360.com\/ca\/wp-json\/wp\/v2\/users\/1"}],"replies":[{"embeddable":true,"href":"https:\/\/www.decoline360.com\/ca\/wp-json\/wp\/v2\/comments?post=637"}],"version-history":[{"count":19,"href":"https:\/\/www.decoline360.com\/ca\/wp-json\/wp\/v2\/pages\/637\/revisions"}],"predecessor-version":[{"id":815,"href":"https:\/\/www.decoline360.com\/ca\/wp-json\/wp\/v2\/pages\/637\/revisions\/815"}],"wp:attachment":[{"href":"https:\/\/www.decoline360.com\/ca\/wp-json\/wp\/v2\/media?parent=637"}],"curies":[{"name":"wp","href":"https:\/\/api.w.org\/{rel}","templated":true}]}}