{"id":310,"date":"2024-01-30T21:00:23","date_gmt":"2024-01-30T21:00:23","guid":{"rendered":"http:\/\/decoline360.com\/?page_id=310"},"modified":"2024-01-30T21:03:27","modified_gmt":"2024-01-30T21:03:27","slug":"blog","status":"publish","type":"page","link":"https:\/\/www.decoline360.com\/ca\/blog\/","title":{"rendered":"Blog"},"content":{"rendered":"<div data-elementor-type=\"wp-page\" data-elementor-id=\"310\" class=\"elementor elementor-310\" data-elementor-post-type=\"page\">\n\t\t\t\t<div class=\"elementor-element elementor-element-82796ac e-flex e-con-boxed e-con e-parent\" data-id=\"82796ac\" data-element_type=\"container\" data-settings=\"{&quot;background_background&quot;:&quot;classic&quot;}\">\n\t\t\t\t\t<div class=\"e-con-inner\">\n\t\t<div class=\"elementor-element elementor-element-4b6995f3 e-flex e-con-boxed e-con e-child\" data-id=\"4b6995f3\" data-element_type=\"container\">\n\t\t\t\t\t<div class=\"e-con-inner\">\n\t\t\t\t<div class=\"elementor-element elementor-element-7d130217 elementor-widget elementor-widget-heading\" data-id=\"7d130217\" data-element_type=\"widget\" data-widget_type=\"heading.default\">\n\t\t\t\t<div class=\"elementor-widget-container\">\n\t\t\t\t\t<h1 class=\"elementor-heading-title elementor-size-default\">Blog<\/h1>\t\t\t\t<\/div>\n\t\t\t\t<\/div>\n\t\t\t\t\t<\/div>\n\t\t\t\t<\/div>\n\t\t\t\t\t<\/div>\n\t\t\t\t<\/div>\n\t\t<div class=\"elementor-element elementor-element-b5e037e e-flex e-con-boxed e-con e-parent\" data-id=\"b5e037e\" data-element_type=\"container\">\n\t\t\t\t\t<div class=\"e-con-inner\">\n\t\t\t\t<div class=\"elementor-element elementor-element-a9a5f5a elementor-grid-3 elementor-grid-tablet-2 elementor-grid-mobile-1 elementor-posts--thumbnail-top elementor-card-shadow-yes elementor-posts__hover-gradient elementor-widget elementor-widget-posts\" data-id=\"a9a5f5a\" data-element_type=\"widget\" data-settings=\"{&quot;cards_columns&quot;:&quot;3&quot;,&quot;cards_columns_tablet&quot;:&quot;2&quot;,&quot;cards_columns_mobile&quot;:&quot;1&quot;,&quot;cards_row_gap&quot;:{&quot;unit&quot;:&quot;px&quot;,&quot;size&quot;:35,&quot;sizes&quot;:[]},&quot;cards_row_gap_tablet&quot;:{&quot;unit&quot;:&quot;px&quot;,&quot;size&quot;:&quot;&quot;,&quot;sizes&quot;:[]},&quot;cards_row_gap_mobile&quot;:{&quot;unit&quot;:&quot;px&quot;,&quot;size&quot;:&quot;&quot;,&quot;sizes&quot;:[]}}\" data-widget_type=\"posts.cards\">\n\t\t\t\t<div class=\"elementor-widget-container\">\n\t\t\t\t\t\t\t<div class=\"elementor-posts-container elementor-posts elementor-posts--skin-cards elementor-grid\">\n\t\t\t\t<article class=\"elementor-post elementor-grid-item post-307 post type-post status-publish format-standard has-post-thumbnail hentry category-uncategorized\">\n\t\t\t<div class=\"elementor-post__card\">\n\t\t\t\t<a class=\"elementor-post__thumbnail__link\" href=\"https:\/\/www.decoline360.com\/ca\/disenoline-360-da-un-paso-con-el-lanzamiento-de-su-nueva-pagina-web\/\" tabindex=\"-1\" ><div class=\"elementor-post__thumbnail\"><img fetchpriority=\"high\" decoding=\"async\" width=\"1920\" height=\"1080\" src=\"https:\/\/www.decoline360.com\/wp-content\/uploads\/2024\/01\/paneles-de-madera.jpg\" class=\"attachment-full size-full wp-image-112\" alt=\"\" srcset=\"https:\/\/www.decoline360.com\/wp-content\/uploads\/2024\/01\/paneles-de-madera.jpg 1920w, https:\/\/www.decoline360.com\/wp-content\/uploads\/2024\/01\/paneles-de-madera-300x169.jpg 300w, https:\/\/www.decoline360.com\/wp-content\/uploads\/2024\/01\/paneles-de-madera-1024x576.jpg 1024w, https:\/\/www.decoline360.com\/wp-content\/uploads\/2024\/01\/paneles-de-madera-768x432.jpg 768w, https:\/\/www.decoline360.com\/wp-content\/uploads\/2024\/01\/paneles-de-madera-1536x864.jpg 1536w\" sizes=\"(max-width: 1920px) 100vw, 1920px\" \/><\/div><\/a>\n\t\t\t\t<div class=\"elementor-post__text\">\n\t\t\t\t<h3 class=\"elementor-post__title\">\n\t\t\t<a href=\"https:\/\/www.decoline360.com\/ca\/disenoline-360-da-un-paso-con-el-lanzamiento-de-su-nueva-pagina-web\/\" >\n\t\t\t\tDise\u00f1oline 360 fa un pas amb el llan\u00e7ament de la seva nova p\u00e0gina web.\t\t\t<\/a>\n\t\t<\/h3>\n\t\t\t\t<div class=\"elementor-post__excerpt\">\n\t\t\t<p>En un aven\u00e7 emocionant cap a la modernitat i l&#039;accessibilitat, Dise\u00f1oline 360 es complau a anunciar el llan\u00e7ament de la seva nova p\u00e0gina web. Aquesta plataforma<\/p>\n\t\t<\/div>\n\t\t\n\t\t<a class=\"elementor-post__read-more\" href=\"https:\/\/www.decoline360.com\/ca\/disenoline-360-da-un-paso-con-el-lanzamiento-de-su-nueva-pagina-web\/\" aria-label=\"Read more about Dise\u00f1oline 360 fa un pas amb el llan\u00e7ament de la seva nova p\u00e0gina web.\" tabindex=\"-1\" >\n\t\t\tLLEGIR M\u00c9S\t\t<\/a>\n\n\t\t\t\t<\/div>\n\t\t\t\t\t<\/div>\n\t\t<\/article>\n\t\t\t\t<\/div>\n\t\t\n\t\t\t\t\t\t<\/div>\n\t\t\t\t<\/div>\n\t\t\t\t\t<\/div>\n\t\t\t\t<\/div>\n\t\t\t\t<\/div>","protected":false},"excerpt":{"rendered":"<p>Blog<\/p>","protected":false},"author":1,"featured_media":0,"parent":0,"menu_order":0,"comment_status":"closed","ping_status":"closed","template":"page-templates\/template-pagebuilder-full-width.php","meta":{"neve_meta_sidebar":"","neve_meta_container":"","neve_meta_enable_content_width":"off","neve_meta_content_width":100,"neve_meta_title_alignment":"","neve_meta_author_avatar":"","neve_post_elements_order":"","neve_meta_disable_header":"","neve_meta_disable_footer":"","neve_meta_disable_title":"","_joinchat":[],"footnotes":""},"class_list":["post-310","page","type-page","status-publish","hentry"],"yoast_head":"<!-- This site is optimized with the Yoast SEO plugin v25.3.1 - https:\/\/yoast.com\/wordpress\/plugins\/seo\/ -->\n<title>Blog - LINE360 | Dise\u00f1o de la construcci\u00f3n<\/title>\n<meta name=\"robots\" content=\"index, follow, max-snippet:-1, max-image-preview:large, max-video-preview:-1\" \/>\n<link rel=\"canonical\" href=\"https:\/\/www.decoline360.com\/ca\/blog\/\" \/>\n<meta property=\"og:locale\" content=\"ca_ES\" \/>\n<meta property=\"og:type\" content=\"article\" \/>\n<meta property=\"og:title\" content=\"Blog - LINE360 | Dise\u00f1o de la construcci\u00f3n\" \/>\n<meta property=\"og:description\" content=\"Blog\" \/>\n<meta property=\"og:url\" content=\"https:\/\/www.decoline360.com\/ca\/blog\/\" \/>\n<meta property=\"og:site_name\" content=\"LINE360 | Dise\u00f1o de la construcci\u00f3n\" \/>\n<meta property=\"article:modified_time\" content=\"2024-01-30T21:03:27+00:00\" \/>\n<meta name=\"twitter:card\" content=\"summary_large_image\" \/>\n<script type=\"application\/ld+json\" class=\"yoast-schema-graph\">{\"@context\":\"https:\/\/schema.org\",\"@graph\":[{\"@type\":\"WebPage\",\"@id\":\"https:\/\/www.decoline360.com\/ca\/blog\/\",\"url\":\"https:\/\/www.decoline360.com\/ca\/blog\/\",\"name\":\"Blog - LINE360 | Dise\u00f1o de la construcci\u00f3n\",\"isPartOf\":{\"@id\":\"https:\/\/www.decoline360.com\/#website\"},\"datePublished\":\"2024-01-30T21:00:23+00:00\",\"dateModified\":\"2024-01-30T21:03:27+00:00\",\"breadcrumb\":{\"@id\":\"https:\/\/www.decoline360.com\/ca\/blog\/#breadcrumb\"},\"inLanguage\":\"ca\",\"potentialAction\":[{\"@type\":\"ReadAction\",\"target\":[\"https:\/\/www.decoline360.com\/ca\/blog\/\"]}]},{\"@type\":\"BreadcrumbList\",\"@id\":\"https:\/\/www.decoline360.com\/ca\/blog\/#breadcrumb\",\"itemListElement\":[{\"@type\":\"ListItem\",\"position\":1,\"name\":\"Portada\",\"item\":\"https:\/\/www.decoline360.com\/\"},{\"@type\":\"ListItem\",\"position\":2,\"name\":\"Blog\"}]},{\"@type\":\"WebSite\",\"@id\":\"https:\/\/www.decoline360.com\/#website\",\"url\":\"https:\/\/www.decoline360.com\/\",\"name\":\"LINE360 | Dise\u00f1o de la construcci\u00f3n\",\"description\":\"En Dise\u00f1oline 360, hacemos realidad tus proyectos de construcci\u00f3n mediante soluciones innovadoras.\",\"potentialAction\":[{\"@type\":\"SearchAction\",\"target\":{\"@type\":\"EntryPoint\",\"urlTemplate\":\"https:\/\/www.decoline360.com\/?s={search_term_string}\"},\"query-input\":{\"@type\":\"PropertyValueSpecification\",\"valueRequired\":true,\"valueName\":\"search_term_string\"}}],\"inLanguage\":\"ca\"}]}<\/script>\n<!-- \/ Yoast SEO plugin. -->","yoast_head_json":{"title":"Blog - LINE360 | Dise\u00f1o de la construcci\u00f3n","robots":{"index":"index","follow":"follow","max-snippet":"max-snippet:-1","max-image-preview":"max-image-preview:large","max-video-preview":"max-video-preview:-1"},"canonical":"https:\/\/www.decoline360.com\/ca\/blog\/","og_locale":"ca_ES","og_type":"article","og_title":"Blog - LINE360 | Dise\u00f1o de la construcci\u00f3n","og_description":"Blog","og_url":"https:\/\/www.decoline360.com\/ca\/blog\/","og_site_name":"LINE360 | Dise\u00f1o de la construcci\u00f3n","article_modified_time":"2024-01-30T21:03:27+00:00","twitter_card":"summary_large_image","schema":{"@context":"https:\/\/schema.org","@graph":[{"@type":"WebPage","@id":"https:\/\/www.decoline360.com\/ca\/blog\/","url":"https:\/\/www.decoline360.com\/ca\/blog\/","name":"Blog - LINE360 | Dise\u00f1o de la construcci\u00f3n","isPartOf":{"@id":"https:\/\/www.decoline360.com\/#website"},"datePublished":"2024-01-30T21:00:23+00:00","dateModified":"2024-01-30T21:03:27+00:00","breadcrumb":{"@id":"https:\/\/www.decoline360.com\/ca\/blog\/#breadcrumb"},"inLanguage":"ca","potentialAction":[{"@type":"ReadAction","target":["https:\/\/www.decoline360.com\/ca\/blog\/"]}]},{"@type":"BreadcrumbList","@id":"https:\/\/www.decoline360.com\/ca\/blog\/#breadcrumb","itemListElement":[{"@type":"ListItem","position":1,"name":"Portada","item":"https:\/\/www.decoline360.com\/"},{"@type":"ListItem","position":2,"name":"Blog"}]},{"@type":"WebSite","@id":"https:\/\/www.decoline360.com\/#website","url":"https:\/\/www.decoline360.com\/","name":"LINE360 | Dise\u00f1o de la construcci\u00f3n","description":"En Dise\u00f1oline 360, hacemos realidad tus proyectos de construcci\u00f3n mediante soluciones innovadoras.","potentialAction":[{"@type":"SearchAction","target":{"@type":"EntryPoint","urlTemplate":"https:\/\/www.decoline360.com\/?s={search_term_string}"},"query-input":{"@type":"PropertyValueSpecification","valueRequired":true,"valueName":"search_term_string"}}],"inLanguage":"ca"}]}},"_links":{"self":[{"href":"https:\/\/www.decoline360.com\/ca\/wp-json\/wp\/v2\/pages\/310","targetHints":{"allow":["GET"]}}],"collection":[{"href":"https:\/\/www.decoline360.com\/ca\/wp-json\/wp\/v2\/pages"}],"about":[{"href":"https:\/\/www.decoline360.com\/ca\/wp-json\/wp\/v2\/types\/page"}],"author":[{"embeddable":true,"href":"https:\/\/www.decoline360.com\/ca\/wp-json\/wp\/v2\/users\/1"}],"replies":[{"embeddable":true,"href":"https:\/\/www.decoline360.com\/ca\/wp-json\/wp\/v2\/comments?post=310"}],"version-history":[{"count":7,"href":"https:\/\/www.decoline360.com\/ca\/wp-json\/wp\/v2\/pages\/310\/revisions"}],"predecessor-version":[{"id":318,"href":"https:\/\/www.decoline360.com\/ca\/wp-json\/wp\/v2\/pages\/310\/revisions\/318"}],"wp:attachment":[{"href":"https:\/\/www.decoline360.com\/ca\/wp-json\/wp\/v2\/media?parent=310"}],"curies":[{"name":"wp","href":"https:\/\/api.w.org\/{rel}","templated":true}]}}