{"id":290,"date":"2024-01-30T20:52:46","date_gmt":"2024-01-30T20:52:46","guid":{"rendered":"http:\/\/decoline360.com\/?page_id=290"},"modified":"2024-10-25T13:10:01","modified_gmt":"2024-10-25T11:10:01","slug":"contacto","status":"publish","type":"page","link":"https:\/\/www.decoline360.com\/ca\/contacto\/","title":{"rendered":"Contacte"},"content":{"rendered":"<div data-elementor-type=\"wp-page\" data-elementor-id=\"290\" class=\"elementor elementor-290\" data-elementor-post-type=\"page\">\n\t\t\t\t<div class=\"elementor-element elementor-element-206ca58a e-con-full e-flex elementor-invisible e-con e-parent\" data-id=\"206ca58a\" data-element_type=\"container\" data-settings=\"{&quot;animation&quot;:&quot;fadeIn&quot;,&quot;animation_delay&quot;:200}\">\n\t\t\t\t<div class=\"elementor-element elementor-element-540014df elementor-widget elementor-widget-image\" data-id=\"540014df\" data-element_type=\"widget\" data-widget_type=\"image.default\">\n\t\t\t\t<div class=\"elementor-widget-container\">\n\t\t\t\t\t\t\t\t\t\t\t\t\t\t\t<img fetchpriority=\"high\" decoding=\"async\" width=\"1920\" height=\"1080\" src=\"https:\/\/www.decoline360.com\/wp-content\/uploads\/2024\/01\/marmol-2.jpg\" class=\"attachment-full size-full wp-image-108\" alt=\"\" srcset=\"https:\/\/www.decoline360.com\/wp-content\/uploads\/2024\/01\/marmol-2.jpg 1920w, https:\/\/www.decoline360.com\/wp-content\/uploads\/2024\/01\/marmol-2-300x169.jpg 300w, https:\/\/www.decoline360.com\/wp-content\/uploads\/2024\/01\/marmol-2-1024x576.jpg 1024w, https:\/\/www.decoline360.com\/wp-content\/uploads\/2024\/01\/marmol-2-768x432.jpg 768w, https:\/\/www.decoline360.com\/wp-content\/uploads\/2024\/01\/marmol-2-1536x864.jpg 1536w\" sizes=\"(max-width: 1920px) 100vw, 1920px\" \/>\t\t\t\t\t\t\t\t\t\t\t\t\t\t\t<\/div>\n\t\t\t\t<\/div>\n\t\t\t\t<\/div>\n\t\t<div class=\"elementor-element elementor-element-68c17c04 e-flex e-con-boxed e-con e-parent\" data-id=\"68c17c04\" data-element_type=\"container\">\n\t\t\t\t\t<div class=\"e-con-inner\">\n\t\t<div class=\"elementor-element elementor-element-4caf6576 e-con-full e-flex elementor-invisible e-con e-child\" data-id=\"4caf6576\" data-element_type=\"container\" data-settings=\"{&quot;animation&quot;:&quot;fadeInLeft&quot;}\">\n\t\t\t\t<div class=\"elementor-element elementor-element-12ab0b5e elementor-widget elementor-widget-heading\" data-id=\"12ab0b5e\" data-element_type=\"widget\" data-widget_type=\"heading.default\">\n\t\t\t\t<div class=\"elementor-widget-container\">\n\t\t\t\t\t<h1 class=\"elementor-heading-title elementor-size-default\">Contacte<\/h1>\t\t\t\t<\/div>\n\t\t\t\t<\/div>\n\t\t\t\t<div class=\"elementor-element elementor-element-3719bf0f elementor-widget elementor-widget-heading\" data-id=\"3719bf0f\" data-element_type=\"widget\" data-widget_type=\"heading.default\">\n\t\t\t\t<div class=\"elementor-widget-container\">\n\t\t\t\t\t<div class=\"elementor-heading-title elementor-size-default\">Som aqu\u00ed per respondre totes les teves preguntes i col\u00b7laborar en la realitzaci\u00f3 del teu projecte de construcci\u00f3. Si necessites m\u00e9s informaci\u00f3, assessorament personalitzat o desitges discutir els detalls espec\u00edfics del teu projecte, no dubtis a posar-te en contacte amb nosaltres.<\/div>\t\t\t\t<\/div>\n\t\t\t\t<\/div>\n\t\t<div class=\"elementor-element elementor-element-70527cd9 e-flex e-con-boxed e-con e-child\" data-id=\"70527cd9\" data-element_type=\"container\">\n\t\t\t\t\t<div class=\"e-con-inner\">\n\t\t\t\t<div class=\"elementor-element elementor-element-766558bc elementor-position-left elementor-mobile-position-left elementor-widget__width-initial elementor-view-default elementor-vertical-align-top elementor-widget elementor-widget-icon-box\" data-id=\"766558bc\" data-element_type=\"widget\" data-widget_type=\"icon-box.default\">\n\t\t\t\t<div class=\"elementor-widget-container\">\n\t\t\t\t\t\t\t<div class=\"elementor-icon-box-wrapper\">\n\n\t\t\t\t\t\t<div class=\"elementor-icon-box-icon\">\n\t\t\t\t<a href=\"https:\/\/g.co\/kgs\/hzgrLTJ\" target=\"_blank\" class=\"elementor-icon\" tabindex=\"-1\" aria-label=\"Direcci\u00f3\">\n\t\t\t\t<i aria-hidden=\"true\" class=\"icon icon-map-marker1\"><\/i>\t\t\t\t<\/a>\n\t\t\t<\/div>\n\t\t\t\n\t\t\t\t\t\t<div class=\"elementor-icon-box-content\">\n\n\t\t\t\t\t\t\t\t\t<div class=\"elementor-icon-box-title\">\n\t\t\t\t\t\t<a href=\"https:\/\/g.co\/kgs\/hzgrLTJ\" target=\"_blank\" >\n\t\t\t\t\t\t\tDirecci\u00f3\t\t\t\t\t\t<\/a>\n\t\t\t\t\t<\/div>\n\t\t\t\t\n\t\t\t\t\t\t\t\t\t<p class=\"elementor-icon-box-description\">\n\t\t\t\t\t\tAv. Josep Tarradellas 172 Hospitalet de Llobregat 08901\t\t\t\t\t<\/p>\n\t\t\t\t\n\t\t\t<\/div>\n\t\t\t\n\t\t<\/div>\n\t\t\t\t\t\t<\/div>\n\t\t\t\t<\/div>\n\t\t\t\t<div class=\"elementor-element elementor-element-9db75f1 elementor-position-left elementor-mobile-position-left elementor-widget__width-initial elementor-view-default elementor-vertical-align-top elementor-widget elementor-widget-icon-box\" data-id=\"9db75f1\" data-element_type=\"widget\" data-widget_type=\"icon-box.default\">\n\t\t\t\t<div class=\"elementor-widget-container\">\n\t\t\t\t\t\t\t<div class=\"elementor-icon-box-wrapper\">\n\n\t\t\t\t\t\t<div class=\"elementor-icon-box-icon\">\n\t\t\t\t<a href=\"mailto:info@decoline360.com\" target=\"_blank\" class=\"elementor-icon\" tabindex=\"-1\" aria-label=\"Email\">\n\t\t\t\t<i aria-hidden=\"true\" class=\"icon icon-envelope1\"><\/i>\t\t\t\t<\/a>\n\t\t\t<\/div>\n\t\t\t\n\t\t\t\t\t\t<div class=\"elementor-icon-box-content\">\n\n\t\t\t\t\t\t\t\t\t<div class=\"elementor-icon-box-title\">\n\t\t\t\t\t\t<a href=\"mailto:info@decoline360.com\" target=\"_blank\" >\n\t\t\t\t\t\t\tEmail\t\t\t\t\t\t<\/a>\n\t\t\t\t\t<\/div>\n\t\t\t\t\n\t\t\t\t\t\t\t\t\t<p class=\"elementor-icon-box-description\">\n\t\t\t\t\t\tinfo@decoline360.com\t\t\t\t\t<\/p>\n\t\t\t\t\n\t\t\t<\/div>\n\t\t\t\n\t\t<\/div>\n\t\t\t\t\t\t<\/div>\n\t\t\t\t<\/div>\n\t\t\t\t<div class=\"elementor-element elementor-element-32d6ecfc elementor-position-left elementor-mobile-position-left elementor-widget__width-initial elementor-view-default elementor-vertical-align-top elementor-widget elementor-widget-icon-box\" data-id=\"32d6ecfc\" data-element_type=\"widget\" data-widget_type=\"icon-box.default\">\n\t\t\t\t<div class=\"elementor-widget-container\">\n\t\t\t\t\t\t\t<div class=\"elementor-icon-box-wrapper\">\n\n\t\t\t\t\t\t<div class=\"elementor-icon-box-icon\">\n\t\t\t\t<a href=\"tel:(+34)%20627%2027%2090%2032\" class=\"elementor-icon\" tabindex=\"-1\" aria-label=\"Tel\u00e8fon\">\n\t\t\t\t<i aria-hidden=\"true\" class=\"lnr lnr-phone-handset\"><\/i>\t\t\t\t<\/a>\n\t\t\t<\/div>\n\t\t\t\n\t\t\t\t\t\t<div class=\"elementor-icon-box-content\">\n\n\t\t\t\t\t\t\t\t\t<div class=\"elementor-icon-box-title\">\n\t\t\t\t\t\t<a href=\"tel:(+34)%20627%2027%2090%2032\" >\n\t\t\t\t\t\t\tTel\u00e8fon\t\t\t\t\t\t<\/a>\n\t\t\t\t\t<\/div>\n\t\t\t\t\n\t\t\t\t\t\t\t\t\t<p class=\"elementor-icon-box-description\">\n\t\t\t\t\t\t(+34) 627 27 90 32\t\t\t\t\t<\/p>\n\t\t\t\t\n\t\t\t<\/div>\n\t\t\t\n\t\t<\/div>\n\t\t\t\t\t\t<\/div>\n\t\t\t\t<\/div>\n\t\t\t\t\t<\/div>\n\t\t\t\t<\/div>\n\t\t\t\t<\/div>\n\t\t<div class=\"elementor-element elementor-element-4a20d3c e-con-full e-flex elementor-invisible e-con e-child\" data-id=\"4a20d3c\" data-element_type=\"container\" data-settings=\"{&quot;background_background&quot;:&quot;classic&quot;,&quot;animation&quot;:&quot;fadeInUp&quot;}\">\n\t\t\t\t<div class=\"elementor-element elementor-element-3fbc7c4f elementor-widget elementor-widget-heading\" data-id=\"3fbc7c4f\" data-element_type=\"widget\" data-widget_type=\"heading.default\">\n\t\t\t\t<div class=\"elementor-widget-container\">\n\t\t\t\t\t<h3 class=\"elementor-heading-title elementor-size-default\">Parlem?<\/h3>\t\t\t\t<\/div>\n\t\t\t\t<\/div>\n\t\t\t\t<div class=\"elementor-element elementor-element-1a4f166e elementor-widget elementor-widget-heading\" data-id=\"1a4f166e\" data-element_type=\"widget\" data-widget_type=\"heading.default\">\n\t\t\t\t<div class=\"elementor-widget-container\">\n\t\t\t\t\t<div class=\"elementor-heading-title elementor-size-default\">El nostre equip de professionals us ajudar\u00e0 i guiar\u00e0 en tot moment per trobar la millor opci\u00f3 per donar forma al vostre projecte. <\/div>\t\t\t\t<\/div>\n\t\t\t\t<\/div>\n\t\t\t\t<div class=\"elementor-element elementor-element-774bf3e8 elementor-widget-divider--view-line elementor-widget elementor-widget-divider\" data-id=\"774bf3e8\" data-element_type=\"widget\" data-widget_type=\"divider.default\">\n\t\t\t\t<div class=\"elementor-widget-container\">\n\t\t\t\t\t\t\t<div class=\"elementor-divider\">\n\t\t\t<span class=\"elementor-divider-separator\">\n\t\t\t\t\t\t<\/span>\n\t\t<\/div>\n\t\t\t\t\t\t<\/div>\n\t\t\t\t<\/div>\n\t\t\t\t<div class=\"elementor-element elementor-element-15e7cddf elementor-button-align-stretch elementor-widget elementor-widget-form\" data-id=\"15e7cddf\" data-element_type=\"widget\" data-settings=\"{&quot;step_next_label&quot;:&quot;Next&quot;,&quot;step_previous_label&quot;:&quot;Previous&quot;,&quot;button_width&quot;:&quot;100&quot;,&quot;step_type&quot;:&quot;number_text&quot;,&quot;step_icon_shape&quot;:&quot;circle&quot;}\" data-widget_type=\"form.default\">\n\t\t\t\t<div class=\"elementor-widget-container\">\n\t\t\t\t\t\t\t<form class=\"elementor-form\" method=\"post\" name=\"New Form\" action=\"\">\n\t\t\t<input type=\"hidden\" name=\"post_id\" value=\"290\"\/>\n\t\t\t<input type=\"hidden\" name=\"form_id\" value=\"15e7cddf\"\/>\n\t\t\t<input type=\"hidden\" name=\"referer_title\" value=\"LINE360 | Dise\u00f1o de la construcci\u00f3n\" \/>\n\n\t\t\t\n\t\t\t<div class=\"elementor-form-fields-wrapper elementor-labels-above\">\n\t\t\t\t\t\t\t\t<div class=\"elementor-field-type-text elementor-field-group elementor-column elementor-field-group-name elementor-col-100 elementor-field-required\">\n\t\t\t\t\t\t\t\t\t\t\t\t<label for=\"form-field-name\" class=\"elementor-field-label\">\n\t\t\t\t\t\t\t\tNom\t\t\t\t\t\t\t<\/label>\n\t\t\t\t\t\t\t\t\t\t\t\t\t\t<input size=\"1\" type=\"text\" name=\"form_fields[name]\" id=\"form-field-name\" class=\"elementor-field elementor-size-sm  elementor-field-textual\" placeholder=\"Nom\" required=\"required\">\n\t\t\t\t\t\t\t\t\t\t\t<\/div>\n\t\t\t\t\t\t\t\t<div class=\"elementor-field-type-tel elementor-field-group elementor-column elementor-field-group-field_f81c9ec elementor-col-50 elementor-field-required\">\n\t\t\t\t\t\t\t\t\t\t\t\t<label for=\"form-field-field_f81c9ec\" class=\"elementor-field-label\">\n\t\t\t\t\t\t\t\tTelefono\t\t\t\t\t\t\t<\/label>\n\t\t\t\t\t\t\t\t<input size=\"1\" type=\"tel\" name=\"form_fields[field_f81c9ec]\" id=\"form-field-field_f81c9ec\" class=\"elementor-field elementor-size-sm  elementor-field-textual\" placeholder=\"Tel\u00e8fon\" required=\"required\" pattern=\"[0-9()#&amp;+*-=.]+\" title=\"Only numbers and phone characters (#, -, *, etc) are accepted.\">\n\n\t\t\t\t\t\t<\/div>\n\t\t\t\t\t\t\t\t<div class=\"elementor-field-type-email elementor-field-group elementor-column elementor-field-group-email elementor-col-50 elementor-field-required\">\n\t\t\t\t\t\t\t\t\t\t\t\t<label for=\"form-field-email\" class=\"elementor-field-label\">\n\t\t\t\t\t\t\t\tEmail\t\t\t\t\t\t\t<\/label>\n\t\t\t\t\t\t\t\t\t\t\t\t\t\t<input size=\"1\" type=\"email\" name=\"form_fields[email]\" id=\"form-field-email\" class=\"elementor-field elementor-size-sm  elementor-field-textual\" placeholder=\"Email\" required=\"required\">\n\t\t\t\t\t\t\t\t\t\t\t<\/div>\n\t\t\t\t\t\t\t\t<div class=\"elementor-field-type-textarea elementor-field-group elementor-column elementor-field-group-message elementor-col-100\">\n\t\t\t\t\t\t\t\t\t\t\t\t<label for=\"form-field-message\" class=\"elementor-field-label\">\n\t\t\t\t\t\t\t\tMissatge\t\t\t\t\t\t\t<\/label>\n\t\t\t\t\t\t<textarea class=\"elementor-field-textual elementor-field  elementor-size-sm\" name=\"form_fields[message]\" id=\"form-field-message\" rows=\"4\" placeholder=\"Missatge\"><\/textarea>\t\t\t\t<\/div>\n\t\t\t\t\t\t\t\t<div class=\"elementor-field-type-acceptance elementor-field-group elementor-column elementor-field-group-field_2429411 elementor-col-100 elementor-field-required\">\n\t\t\t\t\t\t\t<div class=\"elementor-field-subgroup\">\n\t\t\t<span class=\"elementor-field-option\">\n\t\t\t\t<input type=\"checkbox\" name=\"form_fields[field_2429411]\" id=\"form-field-field_2429411\" class=\"elementor-field elementor-size-sm  elementor-acceptance-field\" required=\"required\">\n\t\t\t\t<label for=\"form-field-field_2429411\">He llegit i accepto la <a href=\"http:\/\/www.decoline360.com\/ca\/politica-de-proteccion-de-datos\/\">pol\u00edtica de privadesa.<\/a><\/label>\t\t\t<\/span>\n\t\t<\/div>\n\t\t\t\t\t\t<\/div>\n\t\t\t\t\t\t\t\t<div class=\"elementor-field-type-text\">\n\t\t\t\t\t<input size=\"1\" type=\"text\" name=\"form_fields[field_4da6dd7]\" id=\"form-field-field_4da6dd7\" class=\"elementor-field elementor-size-sm\" style=\"display:none !important;\">\t\t\t\t<\/div>\n\t\t\t\t\t\t\t\t<div class=\"elementor-field-type-recaptcha_v3 elementor-field-group elementor-column elementor-field-group-field_7532616 elementor-col-100 recaptcha_v3-bottomleft\">\n\t\t\t\t\t<div class=\"elementor-field\" id=\"form-field-field_7532616\"><div class=\"elementor-g-recaptcha\" data-sitekey=\"6LeIBXwpAAAAAGX0egb2hz1dzIfw3PiaN7AMkxg_\" data-type=\"v3\" data-action=\"Form\" data-badge=\"bottomleft\" data-size=\"invisible\"><\/div><\/div>\t\t\t\t<\/div>\n\t\t\t\t\t\t\t\t<div class=\"elementor-field-group elementor-column elementor-field-type-submit elementor-col-100 e-form__buttons\">\n\t\t\t\t\t<button class=\"elementor-button elementor-size-sm\" type=\"submit\">\n\t\t\t\t\t\t<span class=\"elementor-button-content-wrapper\">\n\t\t\t\t\t\t\t\t\t\t\t\t\t\t\t\t\t\t\t\t\t\t<span class=\"elementor-button-text\">ENVIAR<\/span>\n\t\t\t\t\t\t\t\t\t\t\t\t\t<\/span>\n\t\t\t\t\t<\/button>\n\t\t\t\t<\/div>\n\t\t\t<\/div>\n\t\t<input type=\"hidden\" name=\"trp-form-language\" value=\"ca\"\/><\/form>\n\t\t\t\t\t\t<\/div>\n\t\t\t\t<\/div>\n\t\t\t\t<\/div>\n\t\t\t\t\t<\/div>\n\t\t\t\t<\/div>\n\t\t<div class=\"elementor-element elementor-element-5e75236c e-con-full e-flex elementor-invisible e-con e-parent\" data-id=\"5e75236c\" data-element_type=\"container\" data-settings=\"{&quot;animation&quot;:&quot;fadeIn&quot;,&quot;animation_delay&quot;:300}\">\n\t\t\t\t<div class=\"elementor-element elementor-element-212bc71c elementor-widget elementor-widget-google_maps\" data-id=\"212bc71c\" data-element_type=\"widget\" data-widget_type=\"google_maps.default\">\n\t\t\t\t<div class=\"elementor-widget-container\">\n\t\t\t\t\t\t\t<div class=\"elementor-custom-embed\">\n\t\t\t<iframe loading=\"lazy\"\n\t\t\t\t\tsrc=\"https:\/\/maps.google.com\/maps?q=Av.%20Josep%20Tarradellas%20172%20Hospitalet%20de%20Llobregat%2008901&#038;t=m&#038;z=14&#038;output=embed&#038;iwloc=near\"\n\t\t\t\t\ttitle=\"Av. Josep Tarradellas 172 Hospitalet de Llobregat 08901\"\n\t\t\t\t\taria-label=\"Av. Josep Tarradellas 172 Hospitalet de Llobregat 08901\"\n\t\t\t><\/iframe>\n\t\t<\/div>\n\t\t\t\t\t\t<\/div>\n\t\t\t\t<\/div>\n\t\t\t\t<\/div>\n\t\t\t\t<\/div>","protected":false},"excerpt":{"rendered":"<p>Contacto Estamos aqu\u00ed para responder a todas tus preguntas y colaborar en la realizaci\u00f3n de tu proyecto de construcci\u00f3n. Si necesitas m\u00e1s informaci\u00f3n, asesoramiento personalizado o deseas discutir los detalles espec\u00edficos de tu proyecto, no dudes en ponerte en contacto con nosotros. Direcci\u00f3n Av. Josep Tarradellas 172 Hospitalet de Llobregat 08901 Email info@decoline360.com Tel\u00e9fono (+34)&hellip;&nbsp;<a href=\"https:\/\/www.decoline360.com\/ca\/contacto\/\" rel=\"bookmark\"><span class=\"screen-reader-text\">Contacte<\/span><\/a><\/p>","protected":false},"author":1,"featured_media":0,"parent":0,"menu_order":0,"comment_status":"closed","ping_status":"closed","template":"page-templates\/template-pagebuilder-full-width.php","meta":{"neve_meta_sidebar":"","neve_meta_container":"","neve_meta_enable_content_width":"off","neve_meta_content_width":100,"neve_meta_title_alignment":"","neve_meta_author_avatar":"","neve_post_elements_order":"","neve_meta_disable_header":"","neve_meta_disable_footer":"","neve_meta_disable_title":"","_joinchat":[],"footnotes":""},"class_list":["post-290","page","type-page","status-publish","hentry"],"yoast_head":"<!-- This site is optimized with the Yoast SEO plugin v25.3.1 - https:\/\/yoast.com\/wordpress\/plugins\/seo\/ -->\n<title>Cont\u00e1ctanos - LINE360<\/title>\n<meta name=\"robots\" content=\"index, follow, max-snippet:-1, max-image-preview:large, max-video-preview:-1\" \/>\n<link rel=\"canonical\" href=\"https:\/\/www.decoline360.com\/ca\/contacto\/\" \/>\n<meta property=\"og:locale\" content=\"ca_ES\" \/>\n<meta property=\"og:type\" content=\"article\" \/>\n<meta property=\"og:title\" content=\"Cont\u00e1ctanos - LINE360\" \/>\n<meta property=\"og:description\" content=\"Contacto Estamos aqu\u00ed para responder a todas tus preguntas y colaborar en la realizaci\u00f3n de tu proyecto de construcci\u00f3n. Si necesitas m\u00e1s informaci\u00f3n, asesoramiento personalizado o deseas discutir los detalles espec\u00edficos de tu proyecto, no dudes en ponerte en contacto con nosotros. Direcci\u00f3n Av. Josep Tarradellas 172 Hospitalet de Llobregat 08901 Email info@decoline360.com Tel\u00e9fono (+34)&hellip;&nbsp;Contacto\" \/>\n<meta property=\"og:url\" content=\"https:\/\/www.decoline360.com\/ca\/contacto\/\" \/>\n<meta property=\"og:site_name\" content=\"LINE360 | Dise\u00f1o de la construcci\u00f3n\" \/>\n<meta property=\"article:modified_time\" content=\"2024-10-25T11:10:01+00:00\" \/>\n<meta property=\"og:image\" content=\"http:\/\/www.decoline360.com\/wp-content\/uploads\/2024\/01\/marmol-2.jpg\" \/>\n<meta name=\"twitter:card\" content=\"summary_large_image\" \/>\n<meta name=\"twitter:label1\" content=\"Temps estimat de lectura\" \/>\n\t<meta name=\"twitter:data1\" content=\"1 minut\" \/>\n<script type=\"application\/ld+json\" class=\"yoast-schema-graph\">{\"@context\":\"https:\/\/schema.org\",\"@graph\":[{\"@type\":\"WebPage\",\"@id\":\"https:\/\/www.decoline360.com\/contacto\/\",\"url\":\"https:\/\/www.decoline360.com\/contacto\/\",\"name\":\"Cont\u00e1ctanos - LINE360\",\"isPartOf\":{\"@id\":\"https:\/\/www.decoline360.com\/#website\"},\"primaryImageOfPage\":{\"@id\":\"https:\/\/www.decoline360.com\/contacto\/#primaryimage\"},\"image\":{\"@id\":\"https:\/\/www.decoline360.com\/contacto\/#primaryimage\"},\"thumbnailUrl\":\"http:\/\/www.decoline360.com\/wp-content\/uploads\/2024\/01\/marmol-2.jpg\",\"datePublished\":\"2024-01-30T20:52:46+00:00\",\"dateModified\":\"2024-10-25T11:10:01+00:00\",\"breadcrumb\":{\"@id\":\"https:\/\/www.decoline360.com\/contacto\/#breadcrumb\"},\"inLanguage\":\"ca\",\"potentialAction\":[{\"@type\":\"ReadAction\",\"target\":[\"https:\/\/www.decoline360.com\/contacto\/\"]}]},{\"@type\":\"ImageObject\",\"inLanguage\":\"ca\",\"@id\":\"https:\/\/www.decoline360.com\/contacto\/#primaryimage\",\"url\":\"http:\/\/www.decoline360.com\/wp-content\/uploads\/2024\/01\/marmol-2.jpg\",\"contentUrl\":\"http:\/\/www.decoline360.com\/wp-content\/uploads\/2024\/01\/marmol-2.jpg\"},{\"@type\":\"BreadcrumbList\",\"@id\":\"https:\/\/www.decoline360.com\/contacto\/#breadcrumb\",\"itemListElement\":[{\"@type\":\"ListItem\",\"position\":1,\"name\":\"Portada\",\"item\":\"https:\/\/www.decoline360.com\/\"},{\"@type\":\"ListItem\",\"position\":2,\"name\":\"Contacto\"}]},{\"@type\":\"WebSite\",\"@id\":\"https:\/\/www.decoline360.com\/#website\",\"url\":\"https:\/\/www.decoline360.com\/\",\"name\":\"LINE360 | Dise\u00f1o de la construcci\u00f3n\",\"description\":\"En Dise\u00f1oline 360, hacemos realidad tus proyectos de construcci\u00f3n mediante soluciones innovadoras.\",\"potentialAction\":[{\"@type\":\"SearchAction\",\"target\":{\"@type\":\"EntryPoint\",\"urlTemplate\":\"https:\/\/www.decoline360.com\/?s={search_term_string}\"},\"query-input\":{\"@type\":\"PropertyValueSpecification\",\"valueRequired\":true,\"valueName\":\"search_term_string\"}}],\"inLanguage\":\"ca\"}]}<\/script>\n<!-- \/ Yoast SEO plugin. -->","yoast_head_json":{"title":"Cont\u00e1ctanos - LINE360","robots":{"index":"index","follow":"follow","max-snippet":"max-snippet:-1","max-image-preview":"max-image-preview:large","max-video-preview":"max-video-preview:-1"},"canonical":"https:\/\/www.decoline360.com\/ca\/contacto\/","og_locale":"ca_ES","og_type":"article","og_title":"Cont\u00e1ctanos - LINE360","og_description":"Contacto Estamos aqu\u00ed para responder a todas tus preguntas y colaborar en la realizaci\u00f3n de tu proyecto de construcci\u00f3n. Si necesitas m\u00e1s informaci\u00f3n, asesoramiento personalizado o deseas discutir los detalles espec\u00edficos de tu proyecto, no dudes en ponerte en contacto con nosotros. Direcci\u00f3n Av. Josep Tarradellas 172 Hospitalet de Llobregat 08901 Email info@decoline360.com Tel\u00e9fono (+34)&hellip;&nbsp;Contacto","og_url":"https:\/\/www.decoline360.com\/ca\/contacto\/","og_site_name":"LINE360 | Dise\u00f1o de la construcci\u00f3n","article_modified_time":"2024-10-25T11:10:01+00:00","og_image":[{"url":"http:\/\/www.decoline360.com\/wp-content\/uploads\/2024\/01\/marmol-2.jpg","type":"","width":"","height":""}],"twitter_card":"summary_large_image","twitter_misc":{"Temps estimat de lectura":"1 minut"},"schema":{"@context":"https:\/\/schema.org","@graph":[{"@type":"WebPage","@id":"https:\/\/www.decoline360.com\/contacto\/","url":"https:\/\/www.decoline360.com\/contacto\/","name":"Cont\u00e1ctanos - LINE360","isPartOf":{"@id":"https:\/\/www.decoline360.com\/#website"},"primaryImageOfPage":{"@id":"https:\/\/www.decoline360.com\/contacto\/#primaryimage"},"image":{"@id":"https:\/\/www.decoline360.com\/contacto\/#primaryimage"},"thumbnailUrl":"http:\/\/www.decoline360.com\/wp-content\/uploads\/2024\/01\/marmol-2.jpg","datePublished":"2024-01-30T20:52:46+00:00","dateModified":"2024-10-25T11:10:01+00:00","breadcrumb":{"@id":"https:\/\/www.decoline360.com\/contacto\/#breadcrumb"},"inLanguage":"ca","potentialAction":[{"@type":"ReadAction","target":["https:\/\/www.decoline360.com\/contacto\/"]}]},{"@type":"ImageObject","inLanguage":"ca","@id":"https:\/\/www.decoline360.com\/contacto\/#primaryimage","url":"http:\/\/www.decoline360.com\/wp-content\/uploads\/2024\/01\/marmol-2.jpg","contentUrl":"http:\/\/www.decoline360.com\/wp-content\/uploads\/2024\/01\/marmol-2.jpg"},{"@type":"BreadcrumbList","@id":"https:\/\/www.decoline360.com\/contacto\/#breadcrumb","itemListElement":[{"@type":"ListItem","position":1,"name":"Portada","item":"https:\/\/www.decoline360.com\/"},{"@type":"ListItem","position":2,"name":"Contacto"}]},{"@type":"WebSite","@id":"https:\/\/www.decoline360.com\/#website","url":"https:\/\/www.decoline360.com\/","name":"LINE360 | Dise\u00f1o de la construcci\u00f3n","description":"En Dise\u00f1oline 360, hacemos realidad tus proyectos de construcci\u00f3n mediante soluciones innovadoras.","potentialAction":[{"@type":"SearchAction","target":{"@type":"EntryPoint","urlTemplate":"https:\/\/www.decoline360.com\/?s={search_term_string}"},"query-input":{"@type":"PropertyValueSpecification","valueRequired":true,"valueName":"search_term_string"}}],"inLanguage":"ca"}]}},"_links":{"self":[{"href":"https:\/\/www.decoline360.com\/ca\/wp-json\/wp\/v2\/pages\/290","targetHints":{"allow":["GET"]}}],"collection":[{"href":"https:\/\/www.decoline360.com\/ca\/wp-json\/wp\/v2\/pages"}],"about":[{"href":"https:\/\/www.decoline360.com\/ca\/wp-json\/wp\/v2\/types\/page"}],"author":[{"embeddable":true,"href":"https:\/\/www.decoline360.com\/ca\/wp-json\/wp\/v2\/users\/1"}],"replies":[{"embeddable":true,"href":"https:\/\/www.decoline360.com\/ca\/wp-json\/wp\/v2\/comments?post=290"}],"version-history":[{"count":28,"href":"https:\/\/www.decoline360.com\/ca\/wp-json\/wp\/v2\/pages\/290\/revisions"}],"predecessor-version":[{"id":810,"href":"https:\/\/www.decoline360.com\/ca\/wp-json\/wp\/v2\/pages\/290\/revisions\/810"}],"wp:attachment":[{"href":"https:\/\/www.decoline360.com\/ca\/wp-json\/wp\/v2\/media?parent=290"}],"curies":[{"name":"wp","href":"https:\/\/api.w.org\/{rel}","templated":true}]}}