{"id":240,"date":"2024-01-30T20:31:16","date_gmt":"2024-01-30T20:31:16","guid":{"rendered":"http:\/\/decoline360.com\/?page_id=240"},"modified":"2025-06-18T15:06:53","modified_gmt":"2025-06-18T13:06:53","slug":"quienes-somos","status":"publish","type":"page","link":"https:\/\/www.decoline360.com\/ca\/quienes-somos\/","title":{"rendered":"Qui som"},"content":{"rendered":"<div data-elementor-type=\"wp-page\" data-elementor-id=\"240\" class=\"elementor elementor-240\" data-elementor-post-type=\"page\">\n\t\t\t\t<div class=\"elementor-element elementor-element-38a913d0 e-flex e-con-boxed e-con e-parent\" data-id=\"38a913d0\" data-element_type=\"container\">\n\t\t\t\t\t<div class=\"e-con-inner\">\n\t\t<div class=\"elementor-element elementor-element-374c80 e-con-full e-flex e-con e-child\" data-id=\"374c80\" data-element_type=\"container\">\n\t\t\t\t<div class=\"elementor-element elementor-element-4236c28b elementor-widget__width-initial elementor-invisible elementor-widget elementor-widget-image\" data-id=\"4236c28b\" data-element_type=\"widget\" data-settings=\"{&quot;_animation&quot;:&quot;fadeInRight&quot;}\" data-widget_type=\"image.default\">\n\t\t\t\t<div class=\"elementor-widget-container\">\n\t\t\t\t\t\t\t\t\t\t\t\t\t\t\t<img fetchpriority=\"high\" decoding=\"async\" width=\"827\" height=\"1072\" src=\"https:\/\/www.decoline360.com\/wp-content\/uploads\/2024\/11\/c753f856-db00-46bd-a30d-c08ae549016f-copia.jpg\" class=\"attachment-full size-full wp-image-872\" alt=\"\" srcset=\"https:\/\/www.decoline360.com\/wp-content\/uploads\/2024\/11\/c753f856-db00-46bd-a30d-c08ae549016f-copia.jpg 827w, https:\/\/www.decoline360.com\/wp-content\/uploads\/2024\/11\/c753f856-db00-46bd-a30d-c08ae549016f-copia-231x300.jpg 231w, https:\/\/www.decoline360.com\/wp-content\/uploads\/2024\/11\/c753f856-db00-46bd-a30d-c08ae549016f-copia-790x1024.jpg 790w, https:\/\/www.decoline360.com\/wp-content\/uploads\/2024\/11\/c753f856-db00-46bd-a30d-c08ae549016f-copia-768x996.jpg 768w, https:\/\/www.decoline360.com\/wp-content\/uploads\/2024\/11\/c753f856-db00-46bd-a30d-c08ae549016f-copia-9x12.jpg 9w\" sizes=\"(max-width: 827px) 100vw, 827px\" \/>\t\t\t\t\t\t\t\t\t\t\t\t\t\t\t<\/div>\n\t\t\t\t<\/div>\n\t\t\t\t<\/div>\n\t\t<div class=\"elementor-element elementor-element-53b3990b e-con-full e-flex elementor-invisible e-con e-child\" data-id=\"53b3990b\" data-element_type=\"container\" data-settings=\"{&quot;animation&quot;:&quot;fadeInRight&quot;}\">\n\t\t\t\t<div class=\"elementor-element elementor-element-2f79ab3d elementor-widget elementor-widget-heading\" data-id=\"2f79ab3d\" data-element_type=\"widget\" data-widget_type=\"heading.default\">\n\t\t\t\t<div class=\"elementor-widget-container\">\n\t\t\t\t\t<h1 class=\"elementor-heading-title elementor-size-default\">Qui som<\/h1>\t\t\t\t<\/div>\n\t\t\t\t<\/div>\n\t\t\t\t<div class=\"elementor-element elementor-element-410b5106 elementor-widget elementor-widget-text-editor\" data-id=\"410b5106\" data-element_type=\"widget\" data-widget_type=\"text-editor.default\">\n\t\t\t\t<div class=\"elementor-widget-container\">\n\t\t\t\t\t\t\t\t\t<p><strong data-start=\"186\" data-end=\"303\">En nuestra empresa somos especialistas en reformas integrales de viviendas, ba\u00f1os, cocinas y locales comerciales.<\/strong> M\u00e1s que constructores, somos transformadores de espacios: dise\u00f1amos y renovamos cada rinc\u00f3n con una visi\u00f3n innovadora, cuidando la est\u00e9tica, la funcionalidad y los detalles. Nos implicamos en cada proyecto para ofrecer resultados \u00fanicos, utilizando materiales de alta calidad y soluciones personalizadas que marcan la diferencia.<\/p>\t\t\t\t\t\t\t\t<\/div>\n\t\t\t\t<\/div>\n\t\t\t\t<div class=\"elementor-element elementor-element-655943fa elementor-widget elementor-widget-button\" data-id=\"655943fa\" data-element_type=\"widget\" data-widget_type=\"button.default\">\n\t\t\t\t<div class=\"elementor-widget-container\">\n\t\t\t\t\t\t\t\t\t<div class=\"elementor-button-wrapper\">\n\t\t\t\t\t<a class=\"elementor-button elementor-button-link elementor-size-md\" href=\"https:\/\/www.decoline360.com\/ca\/contacto\/\">\n\t\t\t\t\t\t<span class=\"elementor-button-content-wrapper\">\n\t\t\t\t\t\t\t\t\t<span class=\"elementor-button-text\">CONTACTA&#039;NS<\/span>\n\t\t\t\t\t<\/span>\n\t\t\t\t\t<\/a>\n\t\t\t\t<\/div>\n\t\t\t\t\t\t\t\t<\/div>\n\t\t\t\t<\/div>\n\t\t\t\t<\/div>\n\t\t\t\t\t<\/div>\n\t\t\t\t<\/div>\n\t\t<div class=\"elementor-element elementor-element-38846a5d e-flex e-con-boxed e-con e-parent\" data-id=\"38846a5d\" data-element_type=\"container\" data-settings=\"{&quot;background_background&quot;:&quot;classic&quot;,&quot;background_motion_fx_motion_fx_scrolling&quot;:&quot;yes&quot;,&quot;background_motion_fx_translateY_effect&quot;:&quot;yes&quot;,&quot;background_motion_fx_translateY_speed&quot;:{&quot;unit&quot;:&quot;px&quot;,&quot;size&quot;:4,&quot;sizes&quot;:[]},&quot;background_motion_fx_translateY_affectedRange&quot;:{&quot;unit&quot;:&quot;%&quot;,&quot;size&quot;:&quot;&quot;,&quot;sizes&quot;:{&quot;start&quot;:0,&quot;end&quot;:100}},&quot;background_motion_fx_devices&quot;:[&quot;desktop&quot;,&quot;tablet&quot;,&quot;mobile&quot;]}\">\n\t\t\t\t\t<div class=\"e-con-inner\">\n\t\t<div class=\"elementor-element elementor-element-41f9e698 e-con-full e-flex elementor-invisible e-con e-child\" data-id=\"41f9e698\" data-element_type=\"container\" data-settings=\"{&quot;animation&quot;:&quot;fadeInDown&quot;}\">\n\t\t\t\t<div class=\"elementor-element elementor-element-6eed51f2 elementor-widget elementor-widget-heading\" data-id=\"6eed51f2\" data-element_type=\"widget\" data-widget_type=\"heading.default\">\n\t\t\t\t<div class=\"elementor-widget-container\">\n\t\t\t\t\t<h2 class=\"elementor-heading-title elementor-size-default\">Un equip professional a la teva disposici\u00f3<\/h2>\t\t\t\t<\/div>\n\t\t\t\t<\/div>\n\t\t\t\t<div class=\"elementor-element elementor-element-1105347e elementor-widget elementor-widget-text-editor\" data-id=\"1105347e\" data-element_type=\"widget\" data-widget_type=\"text-editor.default\">\n\t\t\t\t<div class=\"elementor-widget-container\">\n\t\t\t\t\t\t\t\t\t<p><span style=\"font-weight: 400;\">El nostre equip, compost per ments creatives i apassionades, est\u00e0 llest per col\u00b7laborar amb tu a cada pas del teu viatge de disseny. Entenem que cada projecte \u00e9s \u00fanic i mereix una atenci\u00f3 personalitzada. ja sigui que estiguis iniciant una nova emprenedoria, renovant la teva marca o buscant destacar-te al mercat, som aqu\u00ed per oferir-te solucions a mida.\u00a0<\/span><\/p>\t\t\t\t\t\t\t\t<\/div>\n\t\t\t\t<\/div>\n\t\t\t\t<\/div>\n\t\t\t\t\t<\/div>\n\t\t\t\t<\/div>\n\t\t<div class=\"elementor-element elementor-element-37c654f7 e-flex e-con-boxed e-con e-parent\" data-id=\"37c654f7\" data-element_type=\"container\">\n\t\t\t\t\t<div class=\"e-con-inner\">\n\t\t<div class=\"elementor-element elementor-element-1af3564d e-con-full e-flex elementor-invisible e-con e-child\" data-id=\"1af3564d\" data-element_type=\"container\" data-settings=\"{&quot;animation&quot;:&quot;fadeInLeft&quot;}\">\n\t\t\t\t<div class=\"elementor-element elementor-element-35fe4ae4 elementor-widget elementor-widget-heading\" data-id=\"35fe4ae4\" data-element_type=\"widget\" data-widget_type=\"heading.default\">\n\t\t\t\t<div class=\"elementor-widget-container\">\n\t\t\t\t\t<h2 class=\"elementor-heading-title elementor-size-default\">La nostra missi\u00f3, ajudar-te a crear espais funcionals i de disseny<\/h2>\t\t\t\t<\/div>\n\t\t\t\t<\/div>\n\t\t\t\t<div class=\"elementor-element elementor-element-6d12e674 elementor-widget elementor-widget-text-editor\" data-id=\"6d12e674\" data-element_type=\"widget\" data-widget_type=\"text-editor.default\">\n\t\t\t\t<div class=\"elementor-widget-container\">\n\t\t\t\t\t\t\t\t\t<p data-start=\"142\" data-end=\"593\"><strong data-start=\"142\" data-end=\"292\">Nuestra misi\u00f3n va m\u00e1s all\u00e1 de renovar espacios: buscamos transformar hogares y locales en lugares que inspiran y conectan con quienes los habitan.<\/strong> Desde la idea inicial hasta la entrega final, trabajamos con pasi\u00f3n y dedicaci\u00f3n para convertir cada reforma en una experiencia \u00fanica.<br data-start=\"427\" data-end=\"430\" \/>Nos comprometemos a ofrecer soluciones integrales, funcionales y est\u00e9ticamente cuidadas, elevando los est\u00e1ndares del sector y aportando valor real a cada proyecto.<\/p>\t\t\t\t\t\t\t\t<\/div>\n\t\t\t\t<\/div>\n\t\t\t\t<div class=\"elementor-element elementor-element-296fc15 elementor-widget elementor-widget-button\" data-id=\"296fc15\" data-element_type=\"widget\" data-widget_type=\"button.default\">\n\t\t\t\t<div class=\"elementor-widget-container\">\n\t\t\t\t\t\t\t\t\t<div class=\"elementor-button-wrapper\">\n\t\t\t\t\t<a class=\"elementor-button elementor-button-link elementor-size-md\" href=\"https:\/\/www.decoline360.com\/ca\/materiales-de-construccion\/\">\n\t\t\t\t\t\t<span class=\"elementor-button-content-wrapper\">\n\t\t\t\t\t\t\t\t\t<span class=\"elementor-button-text\">VEURE MATERIALS<\/span>\n\t\t\t\t\t<\/span>\n\t\t\t\t\t<\/a>\n\t\t\t\t<\/div>\n\t\t\t\t\t\t\t\t<\/div>\n\t\t\t\t<\/div>\n\t\t\t\t<\/div>\n\t\t<div class=\"elementor-element elementor-element-57240499 e-con-full e-flex elementor-invisible e-con e-child\" data-id=\"57240499\" data-element_type=\"container\" data-settings=\"{&quot;animation&quot;:&quot;fadeInRight&quot;}\">\n\t\t\t\t<div class=\"elementor-element elementor-element-6b9f72b7 elementor-position-left elementor-widget__width-initial elementor-mobile-position-left elementor-view-default elementor-vertical-align-top elementor-widget elementor-widget-icon-box\" data-id=\"6b9f72b7\" data-element_type=\"widget\" data-widget_type=\"icon-box.default\">\n\t\t\t\t<div class=\"elementor-widget-container\">\n\t\t\t\t\t\t\t<div class=\"elementor-icon-box-wrapper\">\n\n\t\t\t\t\t\t<div class=\"elementor-icon-box-icon\">\n\t\t\t\t<span  class=\"elementor-icon\">\n\t\t\t\t<i aria-hidden=\"true\" class=\"icon icon-dart-board\"><\/i>\t\t\t\t<\/span>\n\t\t\t<\/div>\n\t\t\t\n\t\t\t\t\t\t<div class=\"elementor-icon-box-content\">\n\n\t\t\t\t\t\t\t\t\t<div class=\"elementor-icon-box-title\">\n\t\t\t\t\t\t<span  >\n\t\t\t\t\t\t\tQualitat\t\t\t\t\t\t<\/span>\n\t\t\t\t\t<\/div>\n\t\t\t\t\n\t\t\t\t\t\t\t\t\t<p class=\"elementor-icon-box-description\">\n\t\t\t\t\t\tConf\u00eda en nosotros para ofrecerte reformas que no solo cumplen, sino que superan tus expectativas de calidad, dise\u00f1o y funcionalidad.\t\t\t\t\t<\/p>\n\t\t\t\t\n\t\t\t<\/div>\n\t\t\t\n\t\t<\/div>\n\t\t\t\t\t\t<\/div>\n\t\t\t\t<\/div>\n\t\t\t\t<div class=\"elementor-element elementor-element-9175786 elementor-position-left elementor-widget__width-initial elementor-mobile-position-left elementor-view-default elementor-vertical-align-top elementor-widget elementor-widget-icon-box\" data-id=\"9175786\" data-element_type=\"widget\" data-widget_type=\"icon-box.default\">\n\t\t\t\t<div class=\"elementor-widget-container\">\n\t\t\t\t\t\t\t<div class=\"elementor-icon-box-wrapper\">\n\n\t\t\t\t\t\t<div class=\"elementor-icon-box-icon\">\n\t\t\t\t<span  class=\"elementor-icon\">\n\t\t\t\t<i aria-hidden=\"true\" class=\"icon icon-carrier\"><\/i>\t\t\t\t<\/span>\n\t\t\t<\/div>\n\t\t\t\n\t\t\t\t\t\t<div class=\"elementor-icon-box-content\">\n\n\t\t\t\t\t\t\t\t\t<div class=\"elementor-icon-box-title\">\n\t\t\t\t\t\t<span  >\n\t\t\t\t\t\t\tTransport\t\t\t\t\t\t<\/span>\n\t\t\t\t\t<\/div>\n\t\t\t\t\n\t\t\t\t\t\t\t\t\t<p class=\"elementor-icon-box-description\">\n\t\t\t\t\t\tDes de grans entregues per a projectes extensos fins a comandes m\u00e9s petites, ens ocupem de la log\u00edstica perqu\u00e8 puguis centrar-te en la construcci\u00f3 sense preocupacions.\t\t\t\t\t<\/p>\n\t\t\t\t\n\t\t\t<\/div>\n\t\t\t\n\t\t<\/div>\n\t\t\t\t\t\t<\/div>\n\t\t\t\t<\/div>\n\t\t\t\t<div class=\"elementor-element elementor-element-df57fbe elementor-position-left elementor-widget__width-initial elementor-mobile-position-left elementor-view-default elementor-vertical-align-top elementor-widget elementor-widget-icon-box\" data-id=\"df57fbe\" data-element_type=\"widget\" data-widget_type=\"icon-box.default\">\n\t\t\t\t<div class=\"elementor-widget-container\">\n\t\t\t\t\t\t\t<div class=\"elementor-icon-box-wrapper\">\n\n\t\t\t\t\t\t<div class=\"elementor-icon-box-icon\">\n\t\t\t\t<span  class=\"elementor-icon\">\n\t\t\t\t<i aria-hidden=\"true\" class=\"icon icon-like1\"><\/i>\t\t\t\t<\/span>\n\t\t\t<\/div>\n\t\t\t\n\t\t\t\t\t\t<div class=\"elementor-icon-box-content\">\n\n\t\t\t\t\t\t\t\t\t<div class=\"elementor-icon-box-title\">\n\t\t\t\t\t\t<span  >\n\t\t\t\t\t\t\tGarantia\t\t\t\t\t\t<\/span>\n\t\t\t\t\t<\/div>\n\t\t\t\t\n\t\t\t\t\t\t\t\t\t<p class=\"elementor-icon-box-description\">\n\t\t\t\t\t\tSi mai sorgeix un problema, el nostre equip est\u00e0 llest per abordar-lo i garantir que la teva inversi\u00f3 estigui protegida. La teva tranquil\u00b7litat \u00e9s la nostra prioritat.\t\t\t\t\t<\/p>\n\t\t\t\t\n\t\t\t<\/div>\n\t\t\t\n\t\t<\/div>\n\t\t\t\t\t\t<\/div>\n\t\t\t\t<\/div>\n\t\t\t\t<\/div>\n\t\t\t\t\t<\/div>\n\t\t\t\t<\/div>\n\t\t\t\t<\/div>","protected":false},"excerpt":{"rendered":"<p>Qui\u00e9nes somos En nuestra empresa somos especialistas en reformas integrales de viviendas, ba\u00f1os, cocinas y locales comerciales. M\u00e1s que constructores, somos transformadores de espacios: dise\u00f1amos y renovamos cada rinc\u00f3n con una visi\u00f3n innovadora, cuidando la est\u00e9tica, la funcionalidad y los detalles. Nos implicamos en cada proyecto para ofrecer resultados \u00fanicos, utilizando materiales de alta calidad&hellip;&nbsp;<a href=\"https:\/\/www.decoline360.com\/ca\/quienes-somos\/\" rel=\"bookmark\"><span class=\"screen-reader-text\">Qui som<\/span><\/a><\/p>","protected":false},"author":1,"featured_media":0,"parent":0,"menu_order":0,"comment_status":"closed","ping_status":"closed","template":"page-templates\/template-pagebuilder-full-width.php","meta":{"neve_meta_sidebar":"","neve_meta_container":"","neve_meta_enable_content_width":"off","neve_meta_content_width":100,"neve_meta_title_alignment":"","neve_meta_author_avatar":"","neve_post_elements_order":"","neve_meta_disable_header":"","neve_meta_disable_footer":"","neve_meta_disable_title":"","_joinchat":[],"footnotes":""},"class_list":["post-240","page","type-page","status-publish","hentry"],"yoast_head":"<!-- This site is optimized with the Yoast SEO plugin v25.3.1 - https:\/\/yoast.com\/wordpress\/plugins\/seo\/ -->\n<title>\u00bfQuienes somos? - LINE360<\/title>\n<meta name=\"robots\" content=\"index, follow, max-snippet:-1, max-image-preview:large, max-video-preview:-1\" \/>\n<link rel=\"canonical\" href=\"https:\/\/www.decoline360.com\/ca\/quienes-somos\/\" \/>\n<meta property=\"og:locale\" content=\"ca_ES\" \/>\n<meta property=\"og:type\" content=\"article\" \/>\n<meta property=\"og:title\" content=\"\u00bfQuienes somos? - LINE360\" \/>\n<meta property=\"og:description\" content=\"Qui\u00e9nes somos En nuestra empresa somos especialistas en reformas integrales de viviendas, ba\u00f1os, cocinas y locales comerciales. M\u00e1s que constructores, somos transformadores de espacios: dise\u00f1amos y renovamos cada rinc\u00f3n con una visi\u00f3n innovadora, cuidando la est\u00e9tica, la funcionalidad y los detalles. Nos implicamos en cada proyecto para ofrecer resultados \u00fanicos, utilizando materiales de alta calidad&hellip;&nbsp;Quienes somos\" \/>\n<meta property=\"og:url\" content=\"https:\/\/www.decoline360.com\/ca\/quienes-somos\/\" \/>\n<meta property=\"og:site_name\" content=\"LINE360 | Dise\u00f1o de la construcci\u00f3n\" \/>\n<meta property=\"article:modified_time\" content=\"2025-06-18T13:06:53+00:00\" \/>\n<meta property=\"og:image\" content=\"http:\/\/www.decoline360.com\/wp-content\/uploads\/2024\/11\/c753f856-db00-46bd-a30d-c08ae549016f-copia.jpg\" \/>\n<meta name=\"twitter:card\" content=\"summary_large_image\" \/>\n<meta name=\"twitter:label1\" content=\"Temps estimat de lectura\" \/>\n\t<meta name=\"twitter:data1\" content=\"2 minuts\" \/>\n<script type=\"application\/ld+json\" class=\"yoast-schema-graph\">{\"@context\":\"https:\/\/schema.org\",\"@graph\":[{\"@type\":\"WebPage\",\"@id\":\"https:\/\/www.decoline360.com\/ca\/quienes-somos\/\",\"url\":\"https:\/\/www.decoline360.com\/ca\/quienes-somos\/\",\"name\":\"\u00bfQuienes somos? - LINE360\",\"isPartOf\":{\"@id\":\"https:\/\/www.decoline360.com\/#website\"},\"primaryImageOfPage\":{\"@id\":\"https:\/\/www.decoline360.com\/ca\/quienes-somos\/#primaryimage\"},\"image\":{\"@id\":\"https:\/\/www.decoline360.com\/ca\/quienes-somos\/#primaryimage\"},\"thumbnailUrl\":\"http:\/\/www.decoline360.com\/wp-content\/uploads\/2024\/11\/c753f856-db00-46bd-a30d-c08ae549016f-copia.jpg\",\"datePublished\":\"2024-01-30T20:31:16+00:00\",\"dateModified\":\"2025-06-18T13:06:53+00:00\",\"breadcrumb\":{\"@id\":\"https:\/\/www.decoline360.com\/ca\/quienes-somos\/#breadcrumb\"},\"inLanguage\":\"ca\",\"potentialAction\":[{\"@type\":\"ReadAction\",\"target\":[\"https:\/\/www.decoline360.com\/ca\/quienes-somos\/\"]}]},{\"@type\":\"ImageObject\",\"inLanguage\":\"ca\",\"@id\":\"https:\/\/www.decoline360.com\/ca\/quienes-somos\/#primaryimage\",\"url\":\"http:\/\/www.decoline360.com\/wp-content\/uploads\/2024\/11\/c753f856-db00-46bd-a30d-c08ae549016f-copia.jpg\",\"contentUrl\":\"http:\/\/www.decoline360.com\/wp-content\/uploads\/2024\/11\/c753f856-db00-46bd-a30d-c08ae549016f-copia.jpg\"},{\"@type\":\"BreadcrumbList\",\"@id\":\"https:\/\/www.decoline360.com\/ca\/quienes-somos\/#breadcrumb\",\"itemListElement\":[{\"@type\":\"ListItem\",\"position\":1,\"name\":\"Portada\",\"item\":\"https:\/\/www.decoline360.com\/\"},{\"@type\":\"ListItem\",\"position\":2,\"name\":\"Quienes somos\"}]},{\"@type\":\"WebSite\",\"@id\":\"https:\/\/www.decoline360.com\/#website\",\"url\":\"https:\/\/www.decoline360.com\/\",\"name\":\"LINE360 | Dise\u00f1o de la construcci\u00f3n\",\"description\":\"En Dise\u00f1oline 360, hacemos realidad tus proyectos de construcci\u00f3n mediante soluciones innovadoras.\",\"potentialAction\":[{\"@type\":\"SearchAction\",\"target\":{\"@type\":\"EntryPoint\",\"urlTemplate\":\"https:\/\/www.decoline360.com\/?s={search_term_string}\"},\"query-input\":{\"@type\":\"PropertyValueSpecification\",\"valueRequired\":true,\"valueName\":\"search_term_string\"}}],\"inLanguage\":\"ca\"}]}<\/script>\n<!-- \/ Yoast SEO plugin. -->","yoast_head_json":{"title":"\u00bfQuienes somos? - LINE360","robots":{"index":"index","follow":"follow","max-snippet":"max-snippet:-1","max-image-preview":"max-image-preview:large","max-video-preview":"max-video-preview:-1"},"canonical":"https:\/\/www.decoline360.com\/ca\/quienes-somos\/","og_locale":"ca_ES","og_type":"article","og_title":"\u00bfQuienes somos? - LINE360","og_description":"Qui\u00e9nes somos En nuestra empresa somos especialistas en reformas integrales de viviendas, ba\u00f1os, cocinas y locales comerciales. M\u00e1s que constructores, somos transformadores de espacios: dise\u00f1amos y renovamos cada rinc\u00f3n con una visi\u00f3n innovadora, cuidando la est\u00e9tica, la funcionalidad y los detalles. Nos implicamos en cada proyecto para ofrecer resultados \u00fanicos, utilizando materiales de alta calidad&hellip;&nbsp;Quienes somos","og_url":"https:\/\/www.decoline360.com\/ca\/quienes-somos\/","og_site_name":"LINE360 | Dise\u00f1o de la construcci\u00f3n","article_modified_time":"2025-06-18T13:06:53+00:00","og_image":[{"url":"http:\/\/www.decoline360.com\/wp-content\/uploads\/2024\/11\/c753f856-db00-46bd-a30d-c08ae549016f-copia.jpg","type":"","width":"","height":""}],"twitter_card":"summary_large_image","twitter_misc":{"Temps estimat de lectura":"2 minuts"},"schema":{"@context":"https:\/\/schema.org","@graph":[{"@type":"WebPage","@id":"https:\/\/www.decoline360.com\/ca\/quienes-somos\/","url":"https:\/\/www.decoline360.com\/ca\/quienes-somos\/","name":"\u00bfQuienes somos? - LINE360","isPartOf":{"@id":"https:\/\/www.decoline360.com\/#website"},"primaryImageOfPage":{"@id":"https:\/\/www.decoline360.com\/ca\/quienes-somos\/#primaryimage"},"image":{"@id":"https:\/\/www.decoline360.com\/ca\/quienes-somos\/#primaryimage"},"thumbnailUrl":"http:\/\/www.decoline360.com\/wp-content\/uploads\/2024\/11\/c753f856-db00-46bd-a30d-c08ae549016f-copia.jpg","datePublished":"2024-01-30T20:31:16+00:00","dateModified":"2025-06-18T13:06:53+00:00","breadcrumb":{"@id":"https:\/\/www.decoline360.com\/ca\/quienes-somos\/#breadcrumb"},"inLanguage":"ca","potentialAction":[{"@type":"ReadAction","target":["https:\/\/www.decoline360.com\/ca\/quienes-somos\/"]}]},{"@type":"ImageObject","inLanguage":"ca","@id":"https:\/\/www.decoline360.com\/ca\/quienes-somos\/#primaryimage","url":"http:\/\/www.decoline360.com\/wp-content\/uploads\/2024\/11\/c753f856-db00-46bd-a30d-c08ae549016f-copia.jpg","contentUrl":"http:\/\/www.decoline360.com\/wp-content\/uploads\/2024\/11\/c753f856-db00-46bd-a30d-c08ae549016f-copia.jpg"},{"@type":"BreadcrumbList","@id":"https:\/\/www.decoline360.com\/ca\/quienes-somos\/#breadcrumb","itemListElement":[{"@type":"ListItem","position":1,"name":"Portada","item":"https:\/\/www.decoline360.com\/"},{"@type":"ListItem","position":2,"name":"Quienes somos"}]},{"@type":"WebSite","@id":"https:\/\/www.decoline360.com\/#website","url":"https:\/\/www.decoline360.com\/","name":"LINE360 | Dise\u00f1o de la construcci\u00f3n","description":"En Dise\u00f1oline 360, hacemos realidad tus proyectos de construcci\u00f3n mediante soluciones innovadoras.","potentialAction":[{"@type":"SearchAction","target":{"@type":"EntryPoint","urlTemplate":"https:\/\/www.decoline360.com\/?s={search_term_string}"},"query-input":{"@type":"PropertyValueSpecification","valueRequired":true,"valueName":"search_term_string"}}],"inLanguage":"ca"}]}},"_links":{"self":[{"href":"https:\/\/www.decoline360.com\/ca\/wp-json\/wp\/v2\/pages\/240","targetHints":{"allow":["GET"]}}],"collection":[{"href":"https:\/\/www.decoline360.com\/ca\/wp-json\/wp\/v2\/pages"}],"about":[{"href":"https:\/\/www.decoline360.com\/ca\/wp-json\/wp\/v2\/types\/page"}],"author":[{"embeddable":true,"href":"https:\/\/www.decoline360.com\/ca\/wp-json\/wp\/v2\/users\/1"}],"replies":[{"embeddable":true,"href":"https:\/\/www.decoline360.com\/ca\/wp-json\/wp\/v2\/comments?post=240"}],"version-history":[{"count":25,"href":"https:\/\/www.decoline360.com\/ca\/wp-json\/wp\/v2\/pages\/240\/revisions"}],"predecessor-version":[{"id":1140,"href":"https:\/\/www.decoline360.com\/ca\/wp-json\/wp\/v2\/pages\/240\/revisions\/1140"}],"wp:attachment":[{"href":"https:\/\/www.decoline360.com\/ca\/wp-json\/wp\/v2\/media?parent=240"}],"curies":[{"name":"wp","href":"https:\/\/api.w.org\/{rel}","templated":true}]}}